{"id":17,"date":"2024-11-24T17:08:44","date_gmt":"2024-11-24T16:08:44","guid":{"rendered":"http:\/\/rosahorses.hu\/?page_id=17"},"modified":"2026-03-09T16:20:53","modified_gmt":"2026-03-09T15:20:53","slug":"fedezomenek-menek","status":"publish","type":"page","link":"https:\/\/www.rosahorses.hu\/en\/fedezomenek-menek\/","title":{"rendered":"Stallions"},"content":{"rendered":"<h2 class=\"wp-block-heading has-text-align-center has-base-3-color has-global-color-9-background-color has-text-color has-background has-link-color wp-elements-6a09eebd44c69a439f559f1202e7812a\">Stallions<\/h2>\n\n\n\n<div style=\"height:68px\" aria-hidden=\"true\" class=\"wp-block-spacer\"><\/div>\n\n\n\n<div class=\"wp-block-columns is-layout-flex wp-container-core-columns-is-layout-9d6595d7 wp-block-columns-is-layout-flex\">\n<div class=\"wp-block-column is-layout-flow wp-block-column-is-layout-flow\"><div class=\"wp-block-image\">\n<figure class=\"aligncenter size-large is-resized\"><a href=\"https:\/\/www.rosahorses.hu\/en\/tailormade-attention\/\"><img loading=\"lazy\" decoding=\"async\" width=\"729\" height=\"1024\" src=\"https:\/\/www.rosahorses.hu\/wp-content\/uploads\/2024\/12\/O0Q9910-729x1024.jpg\" alt=\"Tailormade Attention \u0151szi portr\u00e9\" class=\"wp-image-101\" style=\"aspect-ratio:0.7119157340355498;width:345px;height:auto\" srcset=\"https:\/\/www.rosahorses.hu\/wp-content\/uploads\/2024\/12\/O0Q9910-729x1024.jpg 729w, https:\/\/www.rosahorses.hu\/wp-content\/uploads\/2024\/12\/O0Q9910-214x300.jpg 214w, https:\/\/www.rosahorses.hu\/wp-content\/uploads\/2024\/12\/O0Q9910-768x1079.jpg 768w, https:\/\/www.rosahorses.hu\/wp-content\/uploads\/2024\/12\/O0Q9910-1093x1536.jpg 1093w, https:\/\/www.rosahorses.hu\/wp-content\/uploads\/2024\/12\/O0Q9910-1458x2048.jpg 1458w, https:\/\/www.rosahorses.hu\/wp-content\/uploads\/2024\/12\/O0Q9910-9x12.jpg 9w, https:\/\/www.rosahorses.hu\/wp-content\/uploads\/2024\/12\/O0Q9910-scaled.jpg 1822w\" sizes=\"auto, (max-width: 729px) 100vw, 729px\" \/><\/a><\/figure>\n<\/div>\n\n\n<div style=\"height:30px\" aria-hidden=\"true\" class=\"wp-block-spacer\"><\/div>\n\n\n\n<h2 class=\"wp-block-heading has-text-align-center\"><a href=\"https:\/\/www.rosahorses.hu\/en\/tailormade-attention\/\">Tailormade Attention<\/a><\/h2>\n<\/div>\n\n\n\n<div class=\"wp-block-column is-layout-flow wp-block-column-is-layout-flow\"><div class=\"wp-block-image\">\n<figure class=\"aligncenter size-full is-resized\"><a href=\"https:\/\/www.rosahorses.hu\/en\/nexus-de-rosa\/\"><img loading=\"lazy\" decoding=\"async\" width=\"1738\" height=\"2560\" src=\"https:\/\/www.rosahorses.hu\/wp-content\/uploads\/2026\/03\/Nexus-de-Rosa-HK-1-scaled.jpg\" alt=\"\" class=\"wp-image-2518\" style=\"aspect-ratio:0.711978097193703;width:347px;height:auto\" srcset=\"https:\/\/www.rosahorses.hu\/wp-content\/uploads\/2026\/03\/Nexus-de-Rosa-HK-1-scaled.jpg 1738w, https:\/\/www.rosahorses.hu\/wp-content\/uploads\/2026\/03\/Nexus-de-Rosa-HK-1-204x300.jpg 204w, https:\/\/www.rosahorses.hu\/wp-content\/uploads\/2026\/03\/Nexus-de-Rosa-HK-1-695x1024.jpg 695w, https:\/\/www.rosahorses.hu\/wp-content\/uploads\/2026\/03\/Nexus-de-Rosa-HK-1-768x1131.jpg 768w, https:\/\/www.rosahorses.hu\/wp-content\/uploads\/2026\/03\/Nexus-de-Rosa-HK-1-1043x1536.jpg 1043w, https:\/\/www.rosahorses.hu\/wp-content\/uploads\/2026\/03\/Nexus-de-Rosa-HK-1-1390x2048.jpg 1390w, https:\/\/www.rosahorses.hu\/wp-content\/uploads\/2026\/03\/Nexus-de-Rosa-HK-1-8x12.jpg 8w\" sizes=\"auto, (max-width: 1738px) 100vw, 1738px\" \/><\/a><\/figure>\n<\/div>\n\n\n<div style=\"height:32px\" aria-hidden=\"true\" class=\"wp-block-spacer\"><\/div>\n\n\n\n<h2 class=\"wp-block-heading has-text-align-center\"><a href=\"https:\/\/www.rosahorses.hu\/en\/nexus-de-rosa\/\">Nexus de Rosa<\/a><\/h2>\n<\/div>\n<\/div>\n\n\n\n<div style=\"height:17px\" aria-hidden=\"true\" class=\"wp-block-spacer\"><\/div>\n\n\n\n<div style=\"height:46px\" aria-hidden=\"true\" class=\"wp-block-spacer\"><\/div>\n\n\n\n<p><\/p>","protected":false},"excerpt":{"rendered":"<p>Fedez\u0151m\u00e9nek Tailormade Attention Nexus de Rosa<\/p>","protected":false},"author":1,"featured_media":101,"parent":0,"menu_order":0,"comment_status":"closed","ping_status":"closed","template":"","meta":{"footnotes":""},"class_list":["post-17","page","type-page","status-publish","has-post-thumbnail"],"yoast_head":"<!-- This site is optimized with the Yoast SEO plugin v24.1 - https:\/\/yoast.com\/wordpress\/plugins\/seo\/ -->\n<title>Fedez\u0151m\u00e9nek - Rosahorses<\/title>\n<meta name=\"robots\" content=\"index, follow, max-snippet:-1, max-image-preview:large, max-video-preview:-1\" \/>\n<link rel=\"canonical\" href=\"https:\/\/www.rosahorses.hu\/en\/fedezomenek-menek\/\" \/>\n<meta property=\"og:locale\" content=\"en_GB\" \/>\n<meta property=\"og:type\" content=\"article\" \/>\n<meta property=\"og:title\" content=\"Fedez\u0151m\u00e9nek - Rosahorses\" \/>\n<meta property=\"og:description\" content=\"Fedez\u0151m\u00e9nek Tailormade Attention Nexus de Rosa\" \/>\n<meta property=\"og:url\" content=\"https:\/\/www.rosahorses.hu\/en\/fedezomenek-menek\/\" \/>\n<meta property=\"og:site_name\" content=\"Rosahorses\" \/>\n<meta property=\"article:modified_time\" content=\"2026-03-09T15:20:53+00:00\" \/>\n<meta property=\"og:image\" content=\"https:\/\/www.rosahorses.hu\/wp-content\/uploads\/2024\/12\/O0Q9910-scaled.jpg\" \/>\n\t<meta property=\"og:image:width\" content=\"1822\" \/>\n\t<meta property=\"og:image:height\" content=\"2560\" \/>\n\t<meta property=\"og:image:type\" content=\"image\/jpeg\" \/>\n<meta name=\"twitter:card\" content=\"summary_large_image\" \/>\n<meta name=\"twitter:label1\" content=\"Estimated reading time\" \/>\n\t<meta name=\"twitter:data1\" content=\"1 minute\" \/>\n<script type=\"application\/ld+json\" class=\"yoast-schema-graph\">{\"@context\":\"https:\/\/schema.org\",\"@graph\":[{\"@type\":\"WebPage\",\"@id\":\"https:\/\/www.rosahorses.hu\/fedezomenek-menek\/\",\"url\":\"https:\/\/www.rosahorses.hu\/fedezomenek-menek\/\",\"name\":\"Fedez\u0151m\u00e9nek - Rosahorses\",\"isPartOf\":{\"@id\":\"https:\/\/www.rosahorses.hu\/#website\"},\"primaryImageOfPage\":{\"@id\":\"https:\/\/www.rosahorses.hu\/fedezomenek-menek\/#primaryimage\"},\"image\":{\"@id\":\"https:\/\/www.rosahorses.hu\/fedezomenek-menek\/#primaryimage\"},\"thumbnailUrl\":\"https:\/\/www.rosahorses.hu\/wp-content\/uploads\/2024\/12\/O0Q9910-scaled.jpg\",\"datePublished\":\"2024-11-24T16:08:44+00:00\",\"dateModified\":\"2026-03-09T15:20:53+00:00\",\"breadcrumb\":{\"@id\":\"https:\/\/www.rosahorses.hu\/fedezomenek-menek\/#breadcrumb\"},\"inLanguage\":\"en-GB\",\"potentialAction\":[{\"@type\":\"ReadAction\",\"target\":[\"https:\/\/www.rosahorses.hu\/fedezomenek-menek\/\"]}]},{\"@type\":\"ImageObject\",\"inLanguage\":\"en-GB\",\"@id\":\"https:\/\/www.rosahorses.hu\/fedezomenek-menek\/#primaryimage\",\"url\":\"https:\/\/www.rosahorses.hu\/wp-content\/uploads\/2024\/12\/O0Q9910-scaled.jpg\",\"contentUrl\":\"https:\/\/www.rosahorses.hu\/wp-content\/uploads\/2024\/12\/O0Q9910-scaled.jpg\",\"width\":1822,\"height\":2560,\"caption\":\"Tailormade Attention \u0151szi portr\u00e9\"},{\"@type\":\"BreadcrumbList\",\"@id\":\"https:\/\/www.rosahorses.hu\/fedezomenek-menek\/#breadcrumb\",\"itemListElement\":[{\"@type\":\"ListItem\",\"position\":1,\"name\":\"Kezd\u0151lap\",\"item\":\"https:\/\/www.rosahorses.hu\/\"},{\"@type\":\"ListItem\",\"position\":2,\"name\":\"Fedez\u0151m\u00e9nek\"}]},{\"@type\":\"WebSite\",\"@id\":\"https:\/\/www.rosahorses.hu\/#website\",\"url\":\"https:\/\/www.rosahorses.hu\/\",\"name\":\"Rosahorses\",\"description\":\"\",\"publisher\":{\"@id\":\"https:\/\/www.rosahorses.hu\/#organization\"},\"potentialAction\":[{\"@type\":\"SearchAction\",\"target\":{\"@type\":\"EntryPoint\",\"urlTemplate\":\"https:\/\/www.rosahorses.hu\/?s={search_term_string}\"},\"query-input\":{\"@type\":\"PropertyValueSpecification\",\"valueRequired\":true,\"valueName\":\"search_term_string\"}}],\"inLanguage\":\"en-GB\"},{\"@type\":\"Organization\",\"@id\":\"https:\/\/www.rosahorses.hu\/#organization\",\"name\":\"Rosahorses\",\"url\":\"https:\/\/www.rosahorses.hu\/\",\"logo\":{\"@type\":\"ImageObject\",\"inLanguage\":\"en-GB\",\"@id\":\"https:\/\/www.rosahorses.hu\/#\/schema\/logo\/image\/\",\"url\":\"https:\/\/www.rosahorses.hu\/wp-content\/uploads\/2024\/12\/cropped-191788251_408511676772919_1583792527760674700_n.jpg\",\"contentUrl\":\"https:\/\/www.rosahorses.hu\/wp-content\/uploads\/2024\/12\/cropped-191788251_408511676772919_1583792527760674700_n.jpg\",\"width\":1853,\"height\":849,\"caption\":\"Rosahorses\"},\"image\":{\"@id\":\"https:\/\/www.rosahorses.hu\/#\/schema\/logo\/image\/\"}}]}<\/script>\n<!-- \/ Yoast SEO plugin. -->","yoast_head_json":{"title":"Fedez\u0151m\u00e9nek - Rosahorses","robots":{"index":"index","follow":"follow","max-snippet":"max-snippet:-1","max-image-preview":"max-image-preview:large","max-video-preview":"max-video-preview:-1"},"canonical":"https:\/\/www.rosahorses.hu\/en\/fedezomenek-menek\/","og_locale":"en_GB","og_type":"article","og_title":"Fedez\u0151m\u00e9nek - Rosahorses","og_description":"Fedez\u0151m\u00e9nek Tailormade Attention Nexus de Rosa","og_url":"https:\/\/www.rosahorses.hu\/en\/fedezomenek-menek\/","og_site_name":"Rosahorses","article_modified_time":"2026-03-09T15:20:53+00:00","og_image":[{"width":1822,"height":2560,"url":"https:\/\/www.rosahorses.hu\/wp-content\/uploads\/2024\/12\/O0Q9910-scaled.jpg","type":"image\/jpeg"}],"twitter_card":"summary_large_image","twitter_misc":{"Estimated reading time":"1 minute"},"schema":{"@context":"https:\/\/schema.org","@graph":[{"@type":"WebPage","@id":"https:\/\/www.rosahorses.hu\/fedezomenek-menek\/","url":"https:\/\/www.rosahorses.hu\/fedezomenek-menek\/","name":"Fedez\u0151m\u00e9nek - Rosahorses","isPartOf":{"@id":"https:\/\/www.rosahorses.hu\/#website"},"primaryImageOfPage":{"@id":"https:\/\/www.rosahorses.hu\/fedezomenek-menek\/#primaryimage"},"image":{"@id":"https:\/\/www.rosahorses.hu\/fedezomenek-menek\/#primaryimage"},"thumbnailUrl":"https:\/\/www.rosahorses.hu\/wp-content\/uploads\/2024\/12\/O0Q9910-scaled.jpg","datePublished":"2024-11-24T16:08:44+00:00","dateModified":"2026-03-09T15:20:53+00:00","breadcrumb":{"@id":"https:\/\/www.rosahorses.hu\/fedezomenek-menek\/#breadcrumb"},"inLanguage":"en-GB","potentialAction":[{"@type":"ReadAction","target":["https:\/\/www.rosahorses.hu\/fedezomenek-menek\/"]}]},{"@type":"ImageObject","inLanguage":"en-GB","@id":"https:\/\/www.rosahorses.hu\/fedezomenek-menek\/#primaryimage","url":"https:\/\/www.rosahorses.hu\/wp-content\/uploads\/2024\/12\/O0Q9910-scaled.jpg","contentUrl":"https:\/\/www.rosahorses.hu\/wp-content\/uploads\/2024\/12\/O0Q9910-scaled.jpg","width":1822,"height":2560,"caption":"Tailormade Attention \u0151szi portr\u00e9"},{"@type":"BreadcrumbList","@id":"https:\/\/www.rosahorses.hu\/fedezomenek-menek\/#breadcrumb","itemListElement":[{"@type":"ListItem","position":1,"name":"Kezd\u0151lap","item":"https:\/\/www.rosahorses.hu\/"},{"@type":"ListItem","position":2,"name":"Fedez\u0151m\u00e9nek"}]},{"@type":"WebSite","@id":"https:\/\/www.rosahorses.hu\/#website","url":"https:\/\/www.rosahorses.hu\/","name":"Rosahorses","description":"","publisher":{"@id":"https:\/\/www.rosahorses.hu\/#organization"},"potentialAction":[{"@type":"SearchAction","target":{"@type":"EntryPoint","urlTemplate":"https:\/\/www.rosahorses.hu\/?s={search_term_string}"},"query-input":{"@type":"PropertyValueSpecification","valueRequired":true,"valueName":"search_term_string"}}],"inLanguage":"en-GB"},{"@type":"Organization","@id":"https:\/\/www.rosahorses.hu\/#organization","name":"Rosahorses","url":"https:\/\/www.rosahorses.hu\/","logo":{"@type":"ImageObject","inLanguage":"en-GB","@id":"https:\/\/www.rosahorses.hu\/#\/schema\/logo\/image\/","url":"https:\/\/www.rosahorses.hu\/wp-content\/uploads\/2024\/12\/cropped-191788251_408511676772919_1583792527760674700_n.jpg","contentUrl":"https:\/\/www.rosahorses.hu\/wp-content\/uploads\/2024\/12\/cropped-191788251_408511676772919_1583792527760674700_n.jpg","width":1853,"height":849,"caption":"Rosahorses"},"image":{"@id":"https:\/\/www.rosahorses.hu\/#\/schema\/logo\/image\/"}}]}},"_links":{"self":[{"href":"https:\/\/www.rosahorses.hu\/en\/wp-json\/wp\/v2\/pages\/17","targetHints":{"allow":["GET"]}}],"collection":[{"href":"https:\/\/www.rosahorses.hu\/en\/wp-json\/wp\/v2\/pages"}],"about":[{"href":"https:\/\/www.rosahorses.hu\/en\/wp-json\/wp\/v2\/types\/page"}],"author":[{"embeddable":true,"href":"https:\/\/www.rosahorses.hu\/en\/wp-json\/wp\/v2\/users\/1"}],"replies":[{"embeddable":true,"href":"https:\/\/www.rosahorses.hu\/en\/wp-json\/wp\/v2\/comments?post=17"}],"version-history":[{"count":31,"href":"https:\/\/www.rosahorses.hu\/en\/wp-json\/wp\/v2\/pages\/17\/revisions"}],"predecessor-version":[{"id":2527,"href":"https:\/\/www.rosahorses.hu\/en\/wp-json\/wp\/v2\/pages\/17\/revisions\/2527"}],"wp:featuredmedia":[{"embeddable":true,"href":"https:\/\/www.rosahorses.hu\/en\/wp-json\/wp\/v2\/media\/101"}],"wp:attachment":[{"href":"https:\/\/www.rosahorses.hu\/en\/wp-json\/wp\/v2\/media?parent=17"}],"curies":[{"name":"wp","href":"https:\/\/api.w.org\/{rel}","templated":true}]}}