{"id":19,"date":"2024-11-24T17:09:44","date_gmt":"2024-11-24T16:09:44","guid":{"rendered":"http:\/\/rosahorses.hu\/?page_id=19"},"modified":"2026-02-01T08:32:09","modified_gmt":"2026-02-01T07:32:09","slug":"altalanos-szerzodesi-fedeztetesi-feltetelek","status":"publish","type":"page","link":"https:\/\/www.rosahorses.hu\/en\/altalanos-szerzodesi-fedeztetesi-feltetelek\/","title":{"rendered":"Breeding informations"},"content":{"rendered":"<p><\/p>\n\n\n\n<h2 class=\"wp-block-heading has-text-align-left has-base-3-color has-global-color-9-background-color has-text-color has-background has-link-color wp-elements-fdde6d52a3ace09d6aa7963a7017b8a3\">Breeding Informations<\/h2>\n\n\n\n<p><\/p>\n\n\n\n<div style=\"height:25px\" aria-hidden=\"true\" class=\"wp-block-spacer\"><\/div>\n\n\n\n<p class=\"has-base-3-background-color has-background\" style=\"font-size:25px\"><strong>Friss sperm\u00e1val val\u00f3 term\u00e9keny\u00edt\u00e9s:<\/strong><\/p>\n\n\n\n<p class=\"has-base-3-background-color has-background\" style=\"font-size:18px\">A fedeztet\u00e9si szezon a t\u00e1rgy\u00e9v m\u00e1rcius 15. napj\u00e1val kezd\u0151dik.<\/p>\n\n\n\n<p class=\"has-base-3-background-color has-background\" style=\"font-size:20px\"><strong>Spermarendel\u00e9s:<\/strong><\/p>\n\n\n\n<p class=\"has-base-3-background-color has-background\" style=\"font-size:18px\">Minden esetben csak az internetes oldalon leadott spermarendel\u00e9st tudjuk elfogadni, mely a http:\/\/rosahorses.hu weboldalon az &#8222;\u00d6r\u00f6k\u00edt\u0151 anyag rendel\u00e9se&#8221; \u0171rlapon kereszt\u00fcl t\u00f6rt\u00e9nik. (&#8222;Fedez\u0151m\u00e9nek&#8221; men\u00fcpont &#8222;\u00d6r\u00f6k\u00edt\u0151 anyag rendel\u00e9s&#8221; almen\u00fc) Telefonos spermarendel\u00e9sre nincs lehet\u0151s\u00e9g!<br><br>A sperma megrendel\u00e9se a spermav\u00e9teli napokon (h\u00e9tf\u0151, szerda, p\u00e9ntek) legk\u00e9s\u0151bb reggel 8:00 \u00f3r\u00e1ig lehets\u00e9ges, a k\u00e9s\u0151bb leadott spermarendel\u00e9seket arra a napra nem \u00e1ll m\u00f3dunkban elfogadni.<br><br>Spermav\u00e9teli napok: <strong>h\u00e9tf\u0151, szerda, p\u00e9ntek<\/strong><br><br>A spermav\u00e9tel d\u00edja alkalmank\u00e9nt: 20.000.- forint<strong><br><\/strong><br>A spermarendel\u00e9shez a k\u00f6vetkez\u0151 adatokat kell megadni:<br>a kiv\u00e1lasztott fedez\u0151m\u00e9n<br>a megrendel\u0151 adatai<br>a kanca adatai<br>a felhaszn\u00e1l\u00e1s d\u00e1tuma<br><br>A sperma rendel\u00e9s\u00e9re a fedeztet\u00e9si d\u00edj kifizet\u00e9se ut\u00e1n van lehet\u0151s\u00e9g!<\/p>\n\n\n\n<p class=\"has-base-3-background-color has-background\" style=\"font-size:20px\"><strong>A spermarendel\u00e9s lemond\u00e1sa:<\/strong><\/p>\n\n\n\n<p class=\"has-base-3-background-color has-background\" style=\"font-size:18px\">Lemondani a megrendelt sperm\u00e1t a megadott rendel\u00e9si d\u00e1tum napj\u00e1n reggel 8:00 \u00f3r\u00e1ig lehets\u00e9ges telefonon <strong>+36307522225<\/strong> vagy az <strong>info@rosahorses.hu <\/strong>emailc\u00edmen!<br>A spermarendel\u00e9s id\u0151ben lemond\u00e1s\u00e1nak elmulaszt\u00e1sa eset\u00e9n a spermav\u00e9teli d\u00edj ugyan\u00fagy felsz\u00e1mol\u00e1sra ker\u00fcl mint a felhaszn\u00e1lt \u00f6r\u00f6k\u00edt\u0151 anyag eset\u00e9ben!<\/p>\n\n\n\n<p class=\"has-base-3-background-color has-background\" style=\"font-size:20px\"><strong>Sperma \u00e1tv\u00e9tele, sz\u00e1ll\u00edt\u00e1sa:<\/strong><\/p>\n\n\n\n<p class=\"has-base-3-background-color has-background\" style=\"font-size:18px\">A m\u00e9n illetve a m\u00e9nek megtekint\u00e9s\u00e9re a sperma \u00e1tv\u00e9telekor nem tudunk lehet\u0151s\u00e9get biztos\u00edtani! Ennek a k\u00e9r\u00e9snek m\u00e9nbemutat\u00f3n, vagy el\u0151re egyeztetett priv\u00e1t id\u0151pontban tudunk eleget tenni! <br><br>A m\u00e9n\u00e1llom\u00e1s illetve az elad\u00f3 a sperma \u00e1tad\u00e1s\u00e1ig biztos\u00edtja a sperma min\u0151s\u00e9g\u00e9nek meg\u00f3v\u00e1s\u00e1t. Az \u00e1tad\u00e1s ut\u00e1n a sperma min\u0151s\u00e9g\u00e9nek meg\u00f3v\u00e1sa, annak felhaszn\u00e1l\u00e1s\u00e1ig h\u0171tve t\u00e1rol\u00e1sa a megrendel\u0151t terheli.<br><br>A sperma \u00e1tv\u00e9tele szem\u00e9lyesen: Veszpr\u00e9m v\u00e1rmegye, Ajka v\u00e1roson bel\u00fcl a rendel\u00e9s napj\u00e1n 10:00 \u00e9s 12:00 \u00f3ra k\u00f6z\u00f6tt van lehet\u0151s\u00e9g. Ezesetben a megfelel\u0151 sz\u00e1ll\u00edt\u00f3 eszk\u00f6z\u00f6k \u00e9s kont\u00e9nerek ir\u00e1nti felel\u0151ss\u00e9g a megrendel\u0151t terhelik!<br>A sperma k\u00fcld\u00e9se fut\u00e1rszolg\u00e1lattal: &#8222;<em>Over Night Shipping<\/em>&#8222;* -gel van lehet\u0151s\u00e9g.<br>A sperma k\u00fcld\u00e9se egy\u00e9b m\u00f3don: k\u00e9rj\u00fck a pontos c\u00edme megad\u00e1s\u00e1val vegye fel vel\u00fcnk a kapcsolatot!<br>K\u00fcld\u00e9s eset\u00e9n a sperma csomagol\u00e1s\u00e1nak \u00e9s felad\u00e1s\u00e1nak a d\u00edja a megrendel\u0151t terheli! A k\u00fcld\u00e9s d\u00edj\u00e1val kapcsolatos inform\u00e1ci\u00f3kat a c\u00edm ismeret\u00e9ben tudunk pontos\u00edtani!<br><br><strong>Felh\u00edvjuk a kedves Teny\u00e9szt\u0151k figyelm\u00e9t, hogy a sperma k\u00fcld\u00e9se eset\u00e9n a felad\u00e1s ut\u00e1n a sperma min\u0151s\u00e9gre \u00e9s \u00e1llagmeg\u00f3v\u00e1sra nem tudunk garanci\u00e1t v\u00e1llalni!<\/strong><br><br>Az \u00f6r\u00f6k\u00edt\u0151anyag vonatkoz\u00e1s\u00e1ban az elad\u00f3 a szavatoss\u00e1got kiz\u00e1rja!<\/p>\n\n\n\n<p class=\"has-base-3-background-color has-background\" style=\"font-size:20px\"><strong>Sperma felhaszn\u00e1l\u00e1sa:<\/strong><\/p>\n\n\n\n<p class=\"has-base-3-background-color has-background\" style=\"font-size:18px\">A megrendelt fedeztet\u00e9s csak a megrendel\u0151 sz\u00e1m\u00e1ra felhaszn\u00e1lhat\u00f3, nem eladhat\u00f3, nem tov\u00e1bb adhat\u00f3 \u00e9s harmadik f\u00e9l sz\u00e1m\u00e1ra nem felhaszn\u00e1lhat\u00f3.<br><br>A megrendelt \u00f6r\u00f6k\u00edt\u0151 anyag csak \u00e9s kiz\u00e1r\u00f3lag a megadott kanc\u00e1ra haszn\u00e1lhat\u00f3 fel. <br><br>A fedeztetni k\u00edv\u00e1nt kanc\u00e1nak rendelkeznie kell l\u00f3azonos\u00edt\u00f3val \u00e9s l\u00f3\u00fatlev\u00e9llel valamint a 3 \u00e9ves kort be kell t\u00f6ltenie.<br><br>A megadott fedeztet\u00e9si \u00e1r 1 vemhess\u00e9gre \u00e9rtend\u0151, mely a kanca t\u00e1rgy\u00e9vben (m\u00e1rcius 15-t\u0151l augusztus 15-ig) val\u00f3 fedeztet\u00e9s\u00e9t biztos\u00edtja.<br><br>Amennyiben a kanca az adott \u00e9v fedeztet\u00e9si szezonj\u00e1nak a v\u00e9g\u00e9ig (augusztus 15) nem vemhes\u00fcl, a fedeztet\u00e9s lehet\u0151s\u00e9g a k\u00f6vetkez\u0151 \u00e9vre \u00e1t nem vihet\u0151 \u00e9s a megrendel\u0151nek visszat\u00e9r\u00edt\u00e9s ig\u00e9nyl\u00e9s\u00e9re nincs lehet\u0151s\u00e9ge. Sikertelen fedeztet\u00e9s eset\u00e9n p\u00e9nzt nem \u00e1ll m\u00f3dunkban visszat\u00e9r\u00edteni.<\/p>\n\n\n\n<p class=\"has-base-3-background-color has-background\" style=\"font-size:20px\"><strong>Fizet\u00e9si felt\u00e9telek:<\/strong><\/p>\n\n\n\n<p class=\"has-base-3-background-color has-background\" style=\"font-size:18px\"><br>A m\u00e9nek fedeztet\u00e9si d\u00edj\u00e1nak a kifizet\u00e9se az els\u0151 spermarendel\u00e9s el\u0151tt meg kell, hogy t\u00f6rt\u00e9njen. A d\u00edjkifizet\u00e9s \u00e9s az adatk\u00f6zl\u00e9s minden esetben meg kell, hogy el\u0151zze az els\u0151 term\u00e9keny\u00edt\u00e9st.<br><br>A fedeztet\u00e9si d\u00edj kifizet\u00e9s\u00e9t a http:\/\/rosahorses.hu internetes oldalon tudja elind\u00edtani, a &#8222;Fedez\u0151m\u00e9nek&#8221; men\u00fcpont &#8222;\u00d6r\u00f6k\u00edt\u0151 anyag rendel\u00e9s&#8221; almen\u00fcpontja alatt.<br><br>A fedeztet\u00e9si d\u00edjra nem ker\u00fcl \u00c1FA felsz\u00e1mol\u00e1sa, mert az elad\u00f3 nem \u00e1fak\u00f6r\u00f6s \u0151stermel\u0151k\u00e9nt \u00e9rt\u00e9kes\u00edti azt! A fedeztet\u00e9si d\u00edjr\u00f3l a sz\u00e1ml\u00e1t minden esetben a m\u00e9n tulajdonosa \u00e1ll\u00edtja ki!<br><br>A fedeztet\u00e9si d\u00edj tartalmazza a meghat\u00e1rozott mennyis\u00e9g\u0171 sperm\u00e1t \u00e9s az abb\u00f3l sz\u00e1rmaz\u00f3 csik\u00f3 sz\u00e1rmaz\u00e1s\u00e1ra vonatkoz\u00f3 garanci\u00e1t! Fedeztet\u00e9si d\u00edj nem tartalmazza a sperma lev\u00e9tel\u00e9nek, kezel\u00e9s\u00e9nek, sz\u00e1ll\u00edt\u00e1s\u00e1nak, illetve a kanca \u00e1llateg\u00e9szs\u00e9g\u00fcgyi beavatkoz\u00e1s\u00e1nak a k\u00f6lts\u00e9geit! A kanca \u00e1llatorvosi k\u00f6lts\u00e9gei, mint a term\u00e9keny\u00edt\u00e9s \u00e9s az azzal j\u00e1r\u00f3 j\u00e1rul\u00e9kos k\u00f6lts\u00e9gek kiz\u00e1r\u00f3lag a megrendel\u0151t \/ kanca tulajdonost illetik.<\/p>\n\n\n\n<p class=\"has-base-3-background-color has-background\" style=\"font-size:20px\"><strong>Kanc\u00e1k inszemin\u00e1l\u00e1sa a m\u00e9njeinkkel:<\/strong><\/p>\n\n\n\n<p class=\"has-base-3-background-color has-background\" style=\"font-size:18px\">Kanca panzi\u00f3ra a Rosa Horses m\u00e9n\u00e1llom\u00e1son nincs lehet\u0151s\u00e9g! Az inszemin\u00e1l\u00e1shoz a kanc\u00e1kat Ajka &#8211; Magyarpol\u00e1nyban a W\u00e1gner lovas Farmon tudjuk elsz\u00e1ll\u00e1solni 4000.- forint + \u00c1FA \/ nap t\u00e9r\u00edt\u00e9si d\u00edj ellen\u00e9ben! A kanc\u00e1knak szabad helyt\u0151l f\u00fcgg\u0151en boxos vagy f\u00e9lrideg tart\u00e1sra van lehet\u0151s\u00e9g\u00fck. A kanc\u00e1k \u00e9rkez\u00e9s\u00e9nek a felt\u00e9tele: egy \u00e9vn\u00e9l nem r\u00e9gebbi fert\u0151z\u0151 kev\u00e9sv\u00e9r\u0171s\u00e9gre \u00e9s takonyk\u00f3rra vizsg\u00e1ltatott negat\u00edv v\u00e9rv\u00e9tel, illetve egy \u00e9vn\u00e9l nem r\u00e9gebbi influenza- tetanusz vakcin\u00e1z\u00e1s. A herpesz olt\u00e1s nem felt\u00e9tele az \u00e9rkez\u00e9snek, de aj\u00e1nlott v\u00e9d\u0151olt\u00e1s!<\/p>\n\n\n\n<p class=\"has-base-3-background-color has-background\">Tov\u00e1bbi inform\u00e1ci\u00f3k\u00e9rt k\u00e9rj\u00fck keressen minket el\u00e9rhet\u0151s\u00e9geinken!<\/p>\n\n\n\n<div style=\"height:59px\" aria-hidden=\"true\" class=\"wp-block-spacer\"><\/div>\n\n\n\n<p class=\"has-base-3-background-color has-background\">*<em>Over Night Shipping: Az \u00f6r\u00f6k\u00edt\u0151 anyag egy \u00e9jszak\u00e1n kereszt\u00fcl utazik a megrendel\u0151h\u00f6z. \u00cdgy az \u00f6r\u00f6k\u00edt\u0151 anyag minimum 12\u00f3r\u00e1s.<\/em><\/p>\n\n\n\n<div style=\"height:100px\" aria-hidden=\"true\" class=\"wp-block-spacer\"><\/div>","protected":false},"excerpt":{"rendered":"<p>Fedeztet\u00e9si Felt\u00e9telek Friss sperm\u00e1val val\u00f3 term\u00e9keny\u00edt\u00e9s: A fedeztet\u00e9si szezon a t\u00e1rgy\u00e9v m\u00e1rcius 15. napj\u00e1val kezd\u0151dik. Spermarendel\u00e9s: Minden esetben csak az internetes oldalon leadott spermarendel\u00e9st tudjuk elfogadni, mely a http:\/\/rosahorses.hu weboldalon az &#8222;\u00d6r\u00f6k\u00edt\u0151 anyag rendel\u00e9se&#8221; \u0171rlapon kereszt\u00fcl t\u00f6rt\u00e9nik. (&#8222;Fedez\u0151m\u00e9nek&#8221; men\u00fcpont &#8222;\u00d6r\u00f6k\u00edt\u0151 anyag rendel\u00e9s&#8221; almen\u00fc) Telefonos spermarendel\u00e9sre nincs lehet\u0151s\u00e9g! A sperma megrendel\u00e9se a spermav\u00e9teli napokon (h\u00e9tf\u0151, szerda, &#8230; <a title=\"Breeding informations\" class=\"read-more\" href=\"https:\/\/www.rosahorses.hu\/en\/altalanos-szerzodesi-fedeztetesi-feltetelek\/\" aria-label=\"Read more about Fedeztet\u00e9si felt\u00e9telek\">Olvass tov\u00e1bb<\/a><\/p>","protected":false},"author":1,"featured_media":0,"parent":0,"menu_order":0,"comment_status":"closed","ping_status":"closed","template":"","meta":{"footnotes":""},"class_list":["post-19","page","type-page","status-publish"],"yoast_head":"<!-- This site is optimized with the Yoast SEO plugin v24.1 - https:\/\/yoast.com\/wordpress\/plugins\/seo\/ -->\n<title>Fedeztet\u00e9si felt\u00e9telek - Rosahorses<\/title>\n<meta name=\"robots\" content=\"index, follow, max-snippet:-1, max-image-preview:large, max-video-preview:-1\" \/>\n<link rel=\"canonical\" href=\"https:\/\/www.rosahorses.hu\/en\/altalanos-szerzodesi-fedeztetesi-feltetelek\/\" \/>\n<meta property=\"og:locale\" content=\"en_GB\" \/>\n<meta property=\"og:type\" content=\"article\" \/>\n<meta property=\"og:title\" content=\"Fedeztet\u00e9si felt\u00e9telek - Rosahorses\" \/>\n<meta property=\"og:description\" content=\"Fedeztet\u00e9si Felt\u00e9telek Friss sperm\u00e1val val\u00f3 term\u00e9keny\u00edt\u00e9s: A fedeztet\u00e9si szezon a t\u00e1rgy\u00e9v m\u00e1rcius 15. napj\u00e1val kezd\u0151dik. Spermarendel\u00e9s: Minden esetben csak az internetes oldalon leadott spermarendel\u00e9st tudjuk elfogadni, mely a http:\/\/rosahorses.hu weboldalon az &#8222;\u00d6r\u00f6k\u00edt\u0151 anyag rendel\u00e9se&#8221; \u0171rlapon kereszt\u00fcl t\u00f6rt\u00e9nik. (&#8222;Fedez\u0151m\u00e9nek&#8221; men\u00fcpont &#8222;\u00d6r\u00f6k\u00edt\u0151 anyag rendel\u00e9s&#8221; almen\u00fc) Telefonos spermarendel\u00e9sre nincs lehet\u0151s\u00e9g! A sperma megrendel\u00e9se a spermav\u00e9teli napokon (h\u00e9tf\u0151, szerda, ... Olvass tov\u00e1bb\" \/>\n<meta property=\"og:url\" content=\"https:\/\/www.rosahorses.hu\/en\/altalanos-szerzodesi-fedeztetesi-feltetelek\/\" \/>\n<meta property=\"og:site_name\" content=\"Rosahorses\" \/>\n<meta property=\"article:modified_time\" content=\"2026-02-01T07:32:09+00:00\" \/>\n<meta name=\"twitter:card\" content=\"summary_large_image\" \/>\n<meta name=\"twitter:label1\" content=\"Estimated reading time\" \/>\n\t<meta name=\"twitter:data1\" content=\"4 minutes\" \/>\n<script type=\"application\/ld+json\" class=\"yoast-schema-graph\">{\"@context\":\"https:\/\/schema.org\",\"@graph\":[{\"@type\":\"WebPage\",\"@id\":\"https:\/\/www.rosahorses.hu\/altalanos-szerzodesi-fedeztetesi-feltetelek\/\",\"url\":\"https:\/\/www.rosahorses.hu\/altalanos-szerzodesi-fedeztetesi-feltetelek\/\",\"name\":\"Fedeztet\u00e9si felt\u00e9telek - Rosahorses\",\"isPartOf\":{\"@id\":\"https:\/\/www.rosahorses.hu\/#website\"},\"datePublished\":\"2024-11-24T16:09:44+00:00\",\"dateModified\":\"2026-02-01T07:32:09+00:00\",\"breadcrumb\":{\"@id\":\"https:\/\/www.rosahorses.hu\/altalanos-szerzodesi-fedeztetesi-feltetelek\/#breadcrumb\"},\"inLanguage\":\"en-GB\",\"potentialAction\":[{\"@type\":\"ReadAction\",\"target\":[\"https:\/\/www.rosahorses.hu\/altalanos-szerzodesi-fedeztetesi-feltetelek\/\"]}]},{\"@type\":\"BreadcrumbList\",\"@id\":\"https:\/\/www.rosahorses.hu\/altalanos-szerzodesi-fedeztetesi-feltetelek\/#breadcrumb\",\"itemListElement\":[{\"@type\":\"ListItem\",\"position\":1,\"name\":\"Kezd\u0151lap\",\"item\":\"https:\/\/www.rosahorses.hu\/\"},{\"@type\":\"ListItem\",\"position\":2,\"name\":\"Fedeztet\u00e9si felt\u00e9telek\"}]},{\"@type\":\"WebSite\",\"@id\":\"https:\/\/www.rosahorses.hu\/#website\",\"url\":\"https:\/\/www.rosahorses.hu\/\",\"name\":\"Rosahorses\",\"description\":\"\",\"publisher\":{\"@id\":\"https:\/\/www.rosahorses.hu\/#organization\"},\"potentialAction\":[{\"@type\":\"SearchAction\",\"target\":{\"@type\":\"EntryPoint\",\"urlTemplate\":\"https:\/\/www.rosahorses.hu\/?s={search_term_string}\"},\"query-input\":{\"@type\":\"PropertyValueSpecification\",\"valueRequired\":true,\"valueName\":\"search_term_string\"}}],\"inLanguage\":\"en-GB\"},{\"@type\":\"Organization\",\"@id\":\"https:\/\/www.rosahorses.hu\/#organization\",\"name\":\"Rosahorses\",\"url\":\"https:\/\/www.rosahorses.hu\/\",\"logo\":{\"@type\":\"ImageObject\",\"inLanguage\":\"en-GB\",\"@id\":\"https:\/\/www.rosahorses.hu\/#\/schema\/logo\/image\/\",\"url\":\"https:\/\/www.rosahorses.hu\/wp-content\/uploads\/2024\/12\/cropped-191788251_408511676772919_1583792527760674700_n.jpg\",\"contentUrl\":\"https:\/\/www.rosahorses.hu\/wp-content\/uploads\/2024\/12\/cropped-191788251_408511676772919_1583792527760674700_n.jpg\",\"width\":1853,\"height\":849,\"caption\":\"Rosahorses\"},\"image\":{\"@id\":\"https:\/\/www.rosahorses.hu\/#\/schema\/logo\/image\/\"}}]}<\/script>\n<!-- \/ Yoast SEO plugin. -->","yoast_head_json":{"title":"Fedeztet\u00e9si felt\u00e9telek - Rosahorses","robots":{"index":"index","follow":"follow","max-snippet":"max-snippet:-1","max-image-preview":"max-image-preview:large","max-video-preview":"max-video-preview:-1"},"canonical":"https:\/\/www.rosahorses.hu\/en\/altalanos-szerzodesi-fedeztetesi-feltetelek\/","og_locale":"en_GB","og_type":"article","og_title":"Fedeztet\u00e9si felt\u00e9telek - Rosahorses","og_description":"Fedeztet\u00e9si Felt\u00e9telek Friss sperm\u00e1val val\u00f3 term\u00e9keny\u00edt\u00e9s: A fedeztet\u00e9si szezon a t\u00e1rgy\u00e9v m\u00e1rcius 15. napj\u00e1val kezd\u0151dik. Spermarendel\u00e9s: Minden esetben csak az internetes oldalon leadott spermarendel\u00e9st tudjuk elfogadni, mely a http:\/\/rosahorses.hu weboldalon az &#8222;\u00d6r\u00f6k\u00edt\u0151 anyag rendel\u00e9se&#8221; \u0171rlapon kereszt\u00fcl t\u00f6rt\u00e9nik. (&#8222;Fedez\u0151m\u00e9nek&#8221; men\u00fcpont &#8222;\u00d6r\u00f6k\u00edt\u0151 anyag rendel\u00e9s&#8221; almen\u00fc) Telefonos spermarendel\u00e9sre nincs lehet\u0151s\u00e9g! A sperma megrendel\u00e9se a spermav\u00e9teli napokon (h\u00e9tf\u0151, szerda, ... Olvass tov\u00e1bb","og_url":"https:\/\/www.rosahorses.hu\/en\/altalanos-szerzodesi-fedeztetesi-feltetelek\/","og_site_name":"Rosahorses","article_modified_time":"2026-02-01T07:32:09+00:00","twitter_card":"summary_large_image","twitter_misc":{"Estimated reading time":"4 minutes"},"schema":{"@context":"https:\/\/schema.org","@graph":[{"@type":"WebPage","@id":"https:\/\/www.rosahorses.hu\/altalanos-szerzodesi-fedeztetesi-feltetelek\/","url":"https:\/\/www.rosahorses.hu\/altalanos-szerzodesi-fedeztetesi-feltetelek\/","name":"Fedeztet\u00e9si felt\u00e9telek - Rosahorses","isPartOf":{"@id":"https:\/\/www.rosahorses.hu\/#website"},"datePublished":"2024-11-24T16:09:44+00:00","dateModified":"2026-02-01T07:32:09+00:00","breadcrumb":{"@id":"https:\/\/www.rosahorses.hu\/altalanos-szerzodesi-fedeztetesi-feltetelek\/#breadcrumb"},"inLanguage":"en-GB","potentialAction":[{"@type":"ReadAction","target":["https:\/\/www.rosahorses.hu\/altalanos-szerzodesi-fedeztetesi-feltetelek\/"]}]},{"@type":"BreadcrumbList","@id":"https:\/\/www.rosahorses.hu\/altalanos-szerzodesi-fedeztetesi-feltetelek\/#breadcrumb","itemListElement":[{"@type":"ListItem","position":1,"name":"Kezd\u0151lap","item":"https:\/\/www.rosahorses.hu\/"},{"@type":"ListItem","position":2,"name":"Fedeztet\u00e9si felt\u00e9telek"}]},{"@type":"WebSite","@id":"https:\/\/www.rosahorses.hu\/#website","url":"https:\/\/www.rosahorses.hu\/","name":"Rosahorses","description":"","publisher":{"@id":"https:\/\/www.rosahorses.hu\/#organization"},"potentialAction":[{"@type":"SearchAction","target":{"@type":"EntryPoint","urlTemplate":"https:\/\/www.rosahorses.hu\/?s={search_term_string}"},"query-input":{"@type":"PropertyValueSpecification","valueRequired":true,"valueName":"search_term_string"}}],"inLanguage":"en-GB"},{"@type":"Organization","@id":"https:\/\/www.rosahorses.hu\/#organization","name":"Rosahorses","url":"https:\/\/www.rosahorses.hu\/","logo":{"@type":"ImageObject","inLanguage":"en-GB","@id":"https:\/\/www.rosahorses.hu\/#\/schema\/logo\/image\/","url":"https:\/\/www.rosahorses.hu\/wp-content\/uploads\/2024\/12\/cropped-191788251_408511676772919_1583792527760674700_n.jpg","contentUrl":"https:\/\/www.rosahorses.hu\/wp-content\/uploads\/2024\/12\/cropped-191788251_408511676772919_1583792527760674700_n.jpg","width":1853,"height":849,"caption":"Rosahorses"},"image":{"@id":"https:\/\/www.rosahorses.hu\/#\/schema\/logo\/image\/"}}]}},"_links":{"self":[{"href":"https:\/\/www.rosahorses.hu\/en\/wp-json\/wp\/v2\/pages\/19","targetHints":{"allow":["GET"]}}],"collection":[{"href":"https:\/\/www.rosahorses.hu\/en\/wp-json\/wp\/v2\/pages"}],"about":[{"href":"https:\/\/www.rosahorses.hu\/en\/wp-json\/wp\/v2\/types\/page"}],"author":[{"embeddable":true,"href":"https:\/\/www.rosahorses.hu\/en\/wp-json\/wp\/v2\/users\/1"}],"replies":[{"embeddable":true,"href":"https:\/\/www.rosahorses.hu\/en\/wp-json\/wp\/v2\/comments?post=19"}],"version-history":[{"count":27,"href":"https:\/\/www.rosahorses.hu\/en\/wp-json\/wp\/v2\/pages\/19\/revisions"}],"predecessor-version":[{"id":2401,"href":"https:\/\/www.rosahorses.hu\/en\/wp-json\/wp\/v2\/pages\/19\/revisions\/2401"}],"wp:attachment":[{"href":"https:\/\/www.rosahorses.hu\/en\/wp-json\/wp\/v2\/media?parent=19"}],"curies":[{"name":"wp","href":"https:\/\/api.w.org\/{rel}","templated":true}]}}