{"id":27,"date":"2024-11-24T17:11:02","date_gmt":"2024-11-24T16:11:02","guid":{"rendered":"http:\/\/rosahorses.hu\/?page_id=27"},"modified":"2025-03-29T22:42:28","modified_gmt":"2025-03-29T21:42:28","slug":"rolunk","status":"publish","type":"page","link":"https:\/\/www.rosahorses.hu\/en\/rolunk\/","title":{"rendered":"About Us"},"content":{"rendered":"<div class=\"wp-block-image\">\n<figure class=\"alignright size-large is-resized\"><img loading=\"lazy\" decoding=\"async\" width=\"876\" height=\"1024\" src=\"https:\/\/www.rosahorses.hu\/wp-content\/uploads\/2025\/02\/89A8696-masolat-1-e1738662219616-876x1024.png\" alt=\"Gr\u0151bern\u00e9 Solymosi M\u00f3nika \u00e9s Fortuna de Rosa\" class=\"wp-image-1217\" style=\"width:522px;height:auto\" srcset=\"https:\/\/www.rosahorses.hu\/wp-content\/uploads\/2025\/02\/89A8696-masolat-1-e1738662219616-876x1024.png 876w, https:\/\/www.rosahorses.hu\/wp-content\/uploads\/2025\/02\/89A8696-masolat-1-e1738662219616-257x300.png 257w, https:\/\/www.rosahorses.hu\/wp-content\/uploads\/2025\/02\/89A8696-masolat-1-e1738662219616-768x898.png 768w, https:\/\/www.rosahorses.hu\/wp-content\/uploads\/2025\/02\/89A8696-masolat-1-e1738662219616-1313x1536.png 1313w, https:\/\/www.rosahorses.hu\/wp-content\/uploads\/2025\/02\/89A8696-masolat-1-e1738662219616-1751x2048.png 1751w, https:\/\/www.rosahorses.hu\/wp-content\/uploads\/2025\/02\/89A8696-masolat-1-e1738662219616-10x12.png 10w\" sizes=\"auto, (max-width: 876px) 100vw, 876px\" \/><\/figure>\n<\/div>\n\n\n<h2 class=\"wp-block-heading has-base-3-color has-global-color-9-background-color has-text-color has-background has-link-color wp-elements-fea4a2bf67bb5f5d0670a85b84b7027a\">Dear page visitor!<\/h2>\n\n\n\n<p class=\"has-base-3-background-color has-background\" style=\"font-size:20px\">Allow me to introduce myself! My name is M\u00f3nika Gr\u0151bern\u00e9 Solymosi, I am a horse fool, a lover of horses and the creator of Rosa Horses. Me and my family operate this small private stud that lies at the foot of the Bakony. The realization of this dream, or more precisely, its focal point, is a story from my life that I would like to share with you!<\/p>\n\n\n\n<p class=\"has-base-3-background-color has-background\" style=\"font-size:20px\">I have always loved horses, I was attracted to these animals from my soul (but you certainly know this feeling), and I have always been very interested in writings and documents related to breeding, mating and mating, from Arabian horse breeding through the breeding of English thoroughbreds to Kisb\u00e9ri half-breeds, literally almost every breed that could be found in Hungary. As a child, I preferred to hide in the Kisb\u00e9ri stallion catalogue than in newspapers published for young people.<br>Seeing this, an older relative of mine brought me a horse breeding newspaper from Germany as a gift, full of all kinds of juicy breeding news: stallion exam winners, foal champions and premi\u00e8red mares.<\/p>\n\n\n\n<p class=\"has-base-3-background-color has-background\" style=\"font-size:20px\">In the newspaper, when I came to the page where the winner of the Hanover stallion test was presented and saw the photo of the stallion, I immediately fell in love with it and knew that this was what I had always been looking for. That for me among horses, this is the type, this is the kind of \"sport\" horse that really makes my heart beat, that my heart sees as perfect! <br>This stallion was a beautiful chestnut dressage stallion: DACAPRIO (Davignon I x Caprimond). He is the one who stole my heart and I have been admiring the beauty, movement, elegance and noble appearance of dressage horses ever since.<\/p>\n\n\n\n<p class=\"has-base-3-background-color has-background\" style=\"font-size:20px\">A person wants to do and accomplish so many things in his \/ her life. I could not imagine that the realization of this dream and desire would be left out of my life, so I have been breeding dressage horses since 2009, with the same dedicated passion that I felt for them from the first moment.<br>It was originally my dream, but it has grown into a family business, so I can share the joy of hard work around horses.<br><\/p>\n\n\n\n<div style=\"height:59px\" aria-hidden=\"true\" class=\"wp-block-spacer\"><\/div>\n\n\n\n<figure class=\"wp-block-image alignwide size-large\"><img loading=\"lazy\" decoding=\"async\" width=\"1024\" height=\"452\" src=\"https:\/\/www.rosahorses.hu\/wp-content\/uploads\/2025\/01\/89A8630-scaled-e1737321443539-1024x452.jpg\" alt=\"\" class=\"wp-image-832\" srcset=\"https:\/\/www.rosahorses.hu\/wp-content\/uploads\/2025\/01\/89A8630-scaled-e1737321443539-1024x452.jpg 1024w, https:\/\/www.rosahorses.hu\/wp-content\/uploads\/2025\/01\/89A8630-scaled-e1737321443539-300x132.jpg 300w, https:\/\/www.rosahorses.hu\/wp-content\/uploads\/2025\/01\/89A8630-scaled-e1737321443539-768x339.jpg 768w, https:\/\/www.rosahorses.hu\/wp-content\/uploads\/2025\/01\/89A8630-scaled-e1737321443539-1536x678.jpg 1536w, https:\/\/www.rosahorses.hu\/wp-content\/uploads\/2025\/01\/89A8630-scaled-e1737321443539-2048x904.jpg 2048w, https:\/\/www.rosahorses.hu\/wp-content\/uploads\/2025\/01\/89A8630-scaled-e1737321443539-18x8.jpg 18w\" sizes=\"auto, (max-width: 1024px) 100vw, 1024px\" \/><\/figure>","protected":false},"excerpt":{"rendered":"<p>Kedves Oldal L\u00e1togat\u00f3! Engedje meg, hogy bemutatkozzam! Gr\u0151bern\u00e9 Solymosi M\u00f3nika vagyok, l\u00f3 bolond, a lovak szerelmese \u00e9s a Rosa Horses meg\u00e1lmod\u00f3ja. \u00c9n \u00e9s a csal\u00e1dom m\u0171k\u00f6dtetj\u00fck ezt a kis mag\u00e1n m\u00e9nest, mely a Bakony l\u00e1b\u00e1n\u00e1l fekszik. Ennek az \u00e1lomnak a l\u00e9trej\u00f6tte, pontosabban gy\u00fajt\u00f3pontja egy t\u00f6rt\u00e9net az \u00e9letemb\u0151l, melyet szeretn\u00e9k megosztani \u00d6n\u00f6kkel! Mindig is im\u00e1dtam a &#8230; <a title=\"About Us\" class=\"read-more\" href=\"https:\/\/www.rosahorses.hu\/en\/rolunk\/\" aria-label=\"Read more about R\u00f3lunk\">Olvass tov\u00e1bb<\/a><\/p>","protected":false},"author":1,"featured_media":590,"parent":0,"menu_order":0,"comment_status":"closed","ping_status":"closed","template":"","meta":{"footnotes":""},"class_list":["post-27","page","type-page","status-publish","has-post-thumbnail"],"yoast_head":"<!-- This site is optimized with the Yoast SEO plugin v24.1 - https:\/\/yoast.com\/wordpress\/plugins\/seo\/ -->\n<title>R\u00f3lunk - Rosahorses<\/title>\n<meta name=\"robots\" content=\"index, follow, max-snippet:-1, max-image-preview:large, max-video-preview:-1\" \/>\n<link rel=\"canonical\" href=\"https:\/\/www.rosahorses.hu\/en\/rolunk\/\" \/>\n<meta property=\"og:locale\" content=\"en_GB\" \/>\n<meta property=\"og:type\" content=\"article\" \/>\n<meta property=\"og:title\" content=\"R\u00f3lunk - Rosahorses\" \/>\n<meta property=\"og:description\" content=\"Kedves Oldal L\u00e1togat\u00f3! Engedje meg, hogy bemutatkozzam! Gr\u0151bern\u00e9 Solymosi M\u00f3nika vagyok, l\u00f3 bolond, a lovak szerelmese \u00e9s a Rosa Horses meg\u00e1lmod\u00f3ja. \u00c9n \u00e9s a csal\u00e1dom m\u0171k\u00f6dtetj\u00fck ezt a kis mag\u00e1n m\u00e9nest, mely a Bakony l\u00e1b\u00e1n\u00e1l fekszik. Ennek az \u00e1lomnak a l\u00e9trej\u00f6tte, pontosabban gy\u00fajt\u00f3pontja egy t\u00f6rt\u00e9net az \u00e9letemb\u0151l, melyet szeretn\u00e9k megosztani \u00d6n\u00f6kkel! Mindig is im\u00e1dtam a ... Olvass tov\u00e1bb\" \/>\n<meta property=\"og:url\" content=\"https:\/\/www.rosahorses.hu\/en\/rolunk\/\" \/>\n<meta property=\"og:site_name\" content=\"Rosahorses\" \/>\n<meta property=\"article:modified_time\" content=\"2025-03-29T21:42:28+00:00\" \/>\n<meta property=\"og:image\" content=\"https:\/\/www.rosahorses.hu\/wp-content\/uploads\/2025\/01\/89A8496-scaled-e1736582090963.jpg\" \/>\n\t<meta property=\"og:image:width\" content=\"1297\" \/>\n\t<meta property=\"og:image:height\" content=\"1472\" \/>\n\t<meta property=\"og:image:type\" content=\"image\/jpeg\" \/>\n<meta name=\"twitter:card\" content=\"summary_large_image\" \/>\n<meta name=\"twitter:label1\" content=\"Estimated reading time\" \/>\n\t<meta name=\"twitter:data1\" content=\"3 minutes\" \/>\n<script type=\"application\/ld+json\" class=\"yoast-schema-graph\">{\"@context\":\"https:\/\/schema.org\",\"@graph\":[{\"@type\":\"WebPage\",\"@id\":\"https:\/\/www.rosahorses.hu\/rolunk\/\",\"url\":\"https:\/\/www.rosahorses.hu\/rolunk\/\",\"name\":\"R\u00f3lunk - Rosahorses\",\"isPartOf\":{\"@id\":\"https:\/\/www.rosahorses.hu\/#website\"},\"primaryImageOfPage\":{\"@id\":\"https:\/\/www.rosahorses.hu\/rolunk\/#primaryimage\"},\"image\":{\"@id\":\"https:\/\/www.rosahorses.hu\/rolunk\/#primaryimage\"},\"thumbnailUrl\":\"https:\/\/www.rosahorses.hu\/wp-content\/uploads\/2025\/01\/89A8496-scaled-e1736582090963.jpg\",\"datePublished\":\"2024-11-24T16:11:02+00:00\",\"dateModified\":\"2025-03-29T21:42:28+00:00\",\"breadcrumb\":{\"@id\":\"https:\/\/www.rosahorses.hu\/rolunk\/#breadcrumb\"},\"inLanguage\":\"en-GB\",\"potentialAction\":[{\"@type\":\"ReadAction\",\"target\":[\"https:\/\/www.rosahorses.hu\/rolunk\/\"]}]},{\"@type\":\"ImageObject\",\"inLanguage\":\"en-GB\",\"@id\":\"https:\/\/www.rosahorses.hu\/rolunk\/#primaryimage\",\"url\":\"https:\/\/www.rosahorses.hu\/wp-content\/uploads\/2025\/01\/89A8496-scaled-e1736582090963.jpg\",\"contentUrl\":\"https:\/\/www.rosahorses.hu\/wp-content\/uploads\/2025\/01\/89A8496-scaled-e1736582090963.jpg\",\"width\":1297,\"height\":1472,\"caption\":\"Fortuna de Rosa \u00e9s Gr\u0151bern\u00e9 Solymosi M\u00f3nika k\u00f6z\u00f6s portr\u00e9\"},{\"@type\":\"BreadcrumbList\",\"@id\":\"https:\/\/www.rosahorses.hu\/rolunk\/#breadcrumb\",\"itemListElement\":[{\"@type\":\"ListItem\",\"position\":1,\"name\":\"Kezd\u0151lap\",\"item\":\"https:\/\/www.rosahorses.hu\/\"},{\"@type\":\"ListItem\",\"position\":2,\"name\":\"R\u00f3lunk\"}]},{\"@type\":\"WebSite\",\"@id\":\"https:\/\/www.rosahorses.hu\/#website\",\"url\":\"https:\/\/www.rosahorses.hu\/\",\"name\":\"Rosahorses\",\"description\":\"\",\"publisher\":{\"@id\":\"https:\/\/www.rosahorses.hu\/#organization\"},\"potentialAction\":[{\"@type\":\"SearchAction\",\"target\":{\"@type\":\"EntryPoint\",\"urlTemplate\":\"https:\/\/www.rosahorses.hu\/?s={search_term_string}\"},\"query-input\":{\"@type\":\"PropertyValueSpecification\",\"valueRequired\":true,\"valueName\":\"search_term_string\"}}],\"inLanguage\":\"en-GB\"},{\"@type\":\"Organization\",\"@id\":\"https:\/\/www.rosahorses.hu\/#organization\",\"name\":\"Rosahorses\",\"url\":\"https:\/\/www.rosahorses.hu\/\",\"logo\":{\"@type\":\"ImageObject\",\"inLanguage\":\"en-GB\",\"@id\":\"https:\/\/www.rosahorses.hu\/#\/schema\/logo\/image\/\",\"url\":\"https:\/\/www.rosahorses.hu\/wp-content\/uploads\/2024\/12\/cropped-191788251_408511676772919_1583792527760674700_n.jpg\",\"contentUrl\":\"https:\/\/www.rosahorses.hu\/wp-content\/uploads\/2024\/12\/cropped-191788251_408511676772919_1583792527760674700_n.jpg\",\"width\":1853,\"height\":849,\"caption\":\"Rosahorses\"},\"image\":{\"@id\":\"https:\/\/www.rosahorses.hu\/#\/schema\/logo\/image\/\"}}]}<\/script>\n<!-- \/ Yoast SEO plugin. -->","yoast_head_json":{"title":"R\u00f3lunk - Rosahorses","robots":{"index":"index","follow":"follow","max-snippet":"max-snippet:-1","max-image-preview":"max-image-preview:large","max-video-preview":"max-video-preview:-1"},"canonical":"https:\/\/www.rosahorses.hu\/en\/rolunk\/","og_locale":"en_GB","og_type":"article","og_title":"R\u00f3lunk - Rosahorses","og_description":"Kedves Oldal L\u00e1togat\u00f3! Engedje meg, hogy bemutatkozzam! Gr\u0151bern\u00e9 Solymosi M\u00f3nika vagyok, l\u00f3 bolond, a lovak szerelmese \u00e9s a Rosa Horses meg\u00e1lmod\u00f3ja. \u00c9n \u00e9s a csal\u00e1dom m\u0171k\u00f6dtetj\u00fck ezt a kis mag\u00e1n m\u00e9nest, mely a Bakony l\u00e1b\u00e1n\u00e1l fekszik. Ennek az \u00e1lomnak a l\u00e9trej\u00f6tte, pontosabban gy\u00fajt\u00f3pontja egy t\u00f6rt\u00e9net az \u00e9letemb\u0151l, melyet szeretn\u00e9k megosztani \u00d6n\u00f6kkel! Mindig is im\u00e1dtam a ... Olvass tov\u00e1bb","og_url":"https:\/\/www.rosahorses.hu\/en\/rolunk\/","og_site_name":"Rosahorses","article_modified_time":"2025-03-29T21:42:28+00:00","og_image":[{"width":1297,"height":1472,"url":"https:\/\/www.rosahorses.hu\/wp-content\/uploads\/2025\/01\/89A8496-scaled-e1736582090963.jpg","type":"image\/jpeg"}],"twitter_card":"summary_large_image","twitter_misc":{"Estimated reading time":"3 minutes"},"schema":{"@context":"https:\/\/schema.org","@graph":[{"@type":"WebPage","@id":"https:\/\/www.rosahorses.hu\/rolunk\/","url":"https:\/\/www.rosahorses.hu\/rolunk\/","name":"R\u00f3lunk - Rosahorses","isPartOf":{"@id":"https:\/\/www.rosahorses.hu\/#website"},"primaryImageOfPage":{"@id":"https:\/\/www.rosahorses.hu\/rolunk\/#primaryimage"},"image":{"@id":"https:\/\/www.rosahorses.hu\/rolunk\/#primaryimage"},"thumbnailUrl":"https:\/\/www.rosahorses.hu\/wp-content\/uploads\/2025\/01\/89A8496-scaled-e1736582090963.jpg","datePublished":"2024-11-24T16:11:02+00:00","dateModified":"2025-03-29T21:42:28+00:00","breadcrumb":{"@id":"https:\/\/www.rosahorses.hu\/rolunk\/#breadcrumb"},"inLanguage":"en-GB","potentialAction":[{"@type":"ReadAction","target":["https:\/\/www.rosahorses.hu\/rolunk\/"]}]},{"@type":"ImageObject","inLanguage":"en-GB","@id":"https:\/\/www.rosahorses.hu\/rolunk\/#primaryimage","url":"https:\/\/www.rosahorses.hu\/wp-content\/uploads\/2025\/01\/89A8496-scaled-e1736582090963.jpg","contentUrl":"https:\/\/www.rosahorses.hu\/wp-content\/uploads\/2025\/01\/89A8496-scaled-e1736582090963.jpg","width":1297,"height":1472,"caption":"Fortuna de Rosa \u00e9s Gr\u0151bern\u00e9 Solymosi M\u00f3nika k\u00f6z\u00f6s portr\u00e9"},{"@type":"BreadcrumbList","@id":"https:\/\/www.rosahorses.hu\/rolunk\/#breadcrumb","itemListElement":[{"@type":"ListItem","position":1,"name":"Kezd\u0151lap","item":"https:\/\/www.rosahorses.hu\/"},{"@type":"ListItem","position":2,"name":"R\u00f3lunk"}]},{"@type":"WebSite","@id":"https:\/\/www.rosahorses.hu\/#website","url":"https:\/\/www.rosahorses.hu\/","name":"Rosahorses","description":"","publisher":{"@id":"https:\/\/www.rosahorses.hu\/#organization"},"potentialAction":[{"@type":"SearchAction","target":{"@type":"EntryPoint","urlTemplate":"https:\/\/www.rosahorses.hu\/?s={search_term_string}"},"query-input":{"@type":"PropertyValueSpecification","valueRequired":true,"valueName":"search_term_string"}}],"inLanguage":"en-GB"},{"@type":"Organization","@id":"https:\/\/www.rosahorses.hu\/#organization","name":"Rosahorses","url":"https:\/\/www.rosahorses.hu\/","logo":{"@type":"ImageObject","inLanguage":"en-GB","@id":"https:\/\/www.rosahorses.hu\/#\/schema\/logo\/image\/","url":"https:\/\/www.rosahorses.hu\/wp-content\/uploads\/2024\/12\/cropped-191788251_408511676772919_1583792527760674700_n.jpg","contentUrl":"https:\/\/www.rosahorses.hu\/wp-content\/uploads\/2024\/12\/cropped-191788251_408511676772919_1583792527760674700_n.jpg","width":1853,"height":849,"caption":"Rosahorses"},"image":{"@id":"https:\/\/www.rosahorses.hu\/#\/schema\/logo\/image\/"}}]}},"_links":{"self":[{"href":"https:\/\/www.rosahorses.hu\/en\/wp-json\/wp\/v2\/pages\/27","targetHints":{"allow":["GET"]}}],"collection":[{"href":"https:\/\/www.rosahorses.hu\/en\/wp-json\/wp\/v2\/pages"}],"about":[{"href":"https:\/\/www.rosahorses.hu\/en\/wp-json\/wp\/v2\/types\/page"}],"author":[{"embeddable":true,"href":"https:\/\/www.rosahorses.hu\/en\/wp-json\/wp\/v2\/users\/1"}],"replies":[{"embeddable":true,"href":"https:\/\/www.rosahorses.hu\/en\/wp-json\/wp\/v2\/comments?post=27"}],"version-history":[{"count":17,"href":"https:\/\/www.rosahorses.hu\/en\/wp-json\/wp\/v2\/pages\/27\/revisions"}],"predecessor-version":[{"id":1222,"href":"https:\/\/www.rosahorses.hu\/en\/wp-json\/wp\/v2\/pages\/27\/revisions\/1222"}],"wp:featuredmedia":[{"embeddable":true,"href":"https:\/\/www.rosahorses.hu\/en\/wp-json\/wp\/v2\/media\/590"}],"wp:attachment":[{"href":"https:\/\/www.rosahorses.hu\/en\/wp-json\/wp\/v2\/media?parent=27"}],"curies":[{"name":"wp","href":"https:\/\/api.w.org\/{rel}","templated":true}]}}