{"id":29,"date":"2024-11-24T17:12:02","date_gmt":"2024-11-24T16:12:02","guid":{"rendered":"http:\/\/rosahorses.hu\/?page_id=29"},"modified":"2026-03-10T15:13:56","modified_gmt":"2026-03-10T14:13:56","slug":"elerhetosegeink","status":"publish","type":"page","link":"https:\/\/www.rosahorses.hu\/en\/elerhetosegeink\/","title":{"rendered":"Contact"},"content":{"rendered":"<figure class=\"wp-block-image alignwide size-large\"><img loading=\"lazy\" decoding=\"async\" width=\"1024\" height=\"394\" src=\"https:\/\/www.rosahorses.hu\/wp-content\/uploads\/2026\/01\/89A8775-scaled-e1767472467745-1024x394.jpg\" alt=\"\" class=\"wp-image-2354\" srcset=\"https:\/\/www.rosahorses.hu\/wp-content\/uploads\/2026\/01\/89A8775-scaled-e1767472467745-1024x394.jpg 1024w, https:\/\/www.rosahorses.hu\/wp-content\/uploads\/2026\/01\/89A8775-scaled-e1767472467745-300x115.jpg 300w, https:\/\/www.rosahorses.hu\/wp-content\/uploads\/2026\/01\/89A8775-scaled-e1767472467745-768x296.jpg 768w, https:\/\/www.rosahorses.hu\/wp-content\/uploads\/2026\/01\/89A8775-scaled-e1767472467745-1536x591.jpg 1536w, https:\/\/www.rosahorses.hu\/wp-content\/uploads\/2026\/01\/89A8775-scaled-e1767472467745-18x7.jpg 18w, https:\/\/www.rosahorses.hu\/wp-content\/uploads\/2026\/01\/89A8775-scaled-e1767472467745.jpg 1707w\" sizes=\"auto, (max-width: 1024px) 100vw, 1024px\" \/><\/figure>\n\n\n\n<div class=\"wp-block-columns has-global-color-9-background-color has-background is-layout-flex wp-container-core-columns-is-layout-9d6595d7 wp-block-columns-is-layout-flex\">\n<div class=\"wp-block-column is-layout-flow wp-block-column-is-layout-flow\" style=\"flex-basis:33.33%\">\n<p class=\"has-global-color-14-color has-text-color has-link-color wp-elements-488df4a6a9791a8608974adfe4e69f8b\" style=\"font-size:22px\"><br><strong>Rosa Horses<\/strong><br>Hungary, 8400 Ajka<br>Phone: <a href=\"tel: 36307522225\">+36307522225<\/a><br>Email: <a href=\"mailto:info@rosahorses.hu\">info@rosahorses.hu<\/a><br><\/p>\n\n\n<div\n\t\t\t\n\t\t\tclass=\"so-widget-sow-social-media-buttons so-widget-sow-social-media-buttons-atom-c8e3809e1262\"\n\t\t\t\n\t\t>\n<h3 class=\"widget-title\">K\u00f6z\u00f6ss\u00e9gi m\u00e9dia fel\u00fcleteink:<\/h3>\n<div class=\"social-media-button-container\">\n\t\n\t\t<a class=\"ow-button-hover sow-social-media-button-facebook-0 sow-social-media-button\" title=\"Facebook - Rosa Horses\" aria-label=\"Facebook - Rosa Horses\" target=\"_blank\" rel=\"noopener noreferrer\" href=\"https:\/\/www.facebook.com\/rosahorses\" >\n\t\t\t<span>\n\t\t\t\t\t\t\t\t<span class=\"sow-icon-fontawesome sow-fab\" data-sow-icon=\"&#xf39e;\"\n\t\t \n\t\taria-hidden=\"true\"><\/span>\t\t\t\t\t\t\t<\/span>\n\t\t<\/a>\n\t\n\t\t<a class=\"ow-button-hover sow-social-media-button-youtube-0 sow-social-media-button\" title=\"Youtube - Rosa Horses\" aria-label=\"Youtube - Rosa Horses\" target=\"_blank\" rel=\"noopener noreferrer\" href=\"https:\/\/www.youtube.com\/@rosahorses7251\" >\n\t\t\t<span>\n\t\t\t\t\t\t\t\t<span class=\"sow-icon-fontawesome sow-fab\" data-sow-icon=\"&#xf167;\"\n\t\t \n\t\taria-hidden=\"true\"><\/span>\t\t\t\t\t\t\t<\/span>\n\t\t<\/a>\n\t\n\t\t<a class=\"ow-button-hover sow-social-media-button-tiktok-0 sow-social-media-button\" title=\"Tiktok - Rosa Horses\" aria-label=\"Tiktok - Rosa Horses\" target=\"_blank\" rel=\"noopener noreferrer\" href=\"https:\/\/www.tiktok.com\/\" >\n\t\t\t<span>\n\t\t\t\t\t\t\t\t<span class=\"sow-icon-fontawesome sow-fab\" data-sow-icon=\"&#xe07b;\"\n\t\t \n\t\taria-hidden=\"true\"><\/span>\t\t\t\t\t\t\t<\/span>\n\t\t<\/a>\n\t\n\t\t<a class=\"ow-button-hover sow-social-media-button-instagram-0 sow-social-media-button\" title=\"Instagram RosaHorses\" aria-label=\"Instagram RosaHorses\" target=\"_blank\" rel=\"noopener noreferrer\" href=\"https:\/\/www.instagram.com\/rosa.horses1\/\" >\n\t\t\t<span>\n\t\t\t\t\t\t\t\t<span class=\"sow-icon-fontawesome sow-fab\" data-sow-icon=\"&#xf16d;\"\n\t\t \n\t\taria-hidden=\"true\"><\/span>\t\t\t\t\t\t\t<\/span>\n\t\t<\/a>\n\t<\/div>\n<\/div><\/div>\n\n\n\n<div class=\"wp-block-column is-layout-flow wp-block-column-is-layout-flow\"><\/div>\n\n\n\n<div class=\"wp-block-column is-vertically-aligned-center is-layout-flow wp-block-column-is-layout-flow\" style=\"flex-basis:66.66%\"><div class=\"wp-block-image\">\n<figure class=\"aligncenter size-large is-resized\"><img loading=\"lazy\" decoding=\"async\" width=\"1024\" height=\"469\" src=\"https:\/\/www.rosahorses.hu\/wp-content\/uploads\/2025\/04\/Arany-hatter-nelkul-1024x469.png\" alt=\"\" class=\"wp-image-1866\" style=\"width:496px;height:auto\" srcset=\"https:\/\/www.rosahorses.hu\/wp-content\/uploads\/2025\/04\/Arany-hatter-nelkul-1024x469.png 1024w, https:\/\/www.rosahorses.hu\/wp-content\/uploads\/2025\/04\/Arany-hatter-nelkul-300x137.png 300w, https:\/\/www.rosahorses.hu\/wp-content\/uploads\/2025\/04\/Arany-hatter-nelkul-768x352.png 768w, https:\/\/www.rosahorses.hu\/wp-content\/uploads\/2025\/04\/Arany-hatter-nelkul-1536x704.png 1536w, https:\/\/www.rosahorses.hu\/wp-content\/uploads\/2025\/04\/Arany-hatter-nelkul-18x8.png 18w, https:\/\/www.rosahorses.hu\/wp-content\/uploads\/2025\/04\/Arany-hatter-nelkul.png 1855w\" sizes=\"auto, (max-width: 1024px) 100vw, 1024px\" \/><\/figure>\n<\/div><\/div>\n\n\n\n<div class=\"wp-block-column is-layout-flow wp-block-column-is-layout-flow\"><\/div>\n<\/div>\n\n\n\n<h2 class=\"wp-block-heading has-base-3-background-color has-background has-large-font-size\">Contact us:<\/h2>\n\n\n<p><br \/>\n<br \/>\n   \n<div class=\"wpcf7 no-js\" id=\"wpcf7-f1881-o1\" lang=\"hu-HU\" dir=\"ltr\" data-wpcf7-id=\"1881\">\n<div class=\"screen-reader-response\"><p role=\"status\" aria-live=\"polite\" aria-atomic=\"true\"><\/p> <ul><\/ul><\/div>\n<form action=\"\/wp-json\/wp\/v2\/pages\/29\" method=\"post\" class=\"wpcf7-form init\" aria-label=\"Kapcsolatfelv\u00e9teli \u0171rlap\" novalidate=\"novalidate\" data-status=\"init\" data-trp-original-action=\"\/en\/wp-json\/wp\/v2\/pages\/29#wpcf7-f1881-o1\">\n<fieldset class=\"hidden-fields-container\"><input type=\"hidden\" name=\"_wpcf7\" value=\"1881\" \/><input type=\"hidden\" name=\"_wpcf7_version\" value=\"6.1.5\" \/><input type=\"hidden\" name=\"_wpcf7_locale\" value=\"hu_HU\" \/><input type=\"hidden\" name=\"_wpcf7_unit_tag\" value=\"wpcf7-f1881-o1\" \/><input type=\"hidden\" name=\"_wpcf7_container_post\" value=\"0\" \/><input type=\"hidden\" name=\"_wpcf7_posted_data_hash\" value=\"\" \/><input type=\"hidden\" name=\"_wpcf7cf_hidden_group_fields\" value=\"[]\" \/><input type=\"hidden\" name=\"_wpcf7cf_hidden_groups\" value=\"[]\" \/><input type=\"hidden\" name=\"_wpcf7cf_visible_groups\" value=\"[]\" \/><input type=\"hidden\" name=\"_wpcf7cf_repeaters\" value=\"[]\" \/><input type=\"hidden\" name=\"_wpcf7cf_steps\" value=\"{}\" \/><input type=\"hidden\" name=\"_wpcf7cf_options\" value=\"{&quot;form_id&quot;:1881,&quot;conditions&quot;:[],&quot;settings&quot;:{&quot;animation&quot;:&quot;yes&quot;,&quot;animation_intime&quot;:&quot;200&quot;,&quot;animation_outtime&quot;:&quot;200&quot;,&quot;conditions_ui&quot;:&quot;normal&quot;,&quot;notice_dismissed&quot;:&quot;&quot;,&quot;notice_dismissed_rollback-cf7-6.0.5&quot;:true}}\" \/>\n<\/fieldset>\n<p><label> Your Name<br \/>\n<span class=\"wpcf7-form-control-wrap\" data-name=\"your-name\"><input size=\"40\" maxlength=\"400\" class=\"wpcf7-form-control wpcf7-text wpcf7-validates-as-required\" autocomplete=\"name\" aria-required=\"true\" aria-invalid=\"false\" value=\"\" type=\"text\" name=\"your-name\" \/><\/span> <\/label>\n<\/p>\n<p><label> Your e-mail address<br \/>\n<span class=\"wpcf7-form-control-wrap\" data-name=\"your-email\"><input size=\"40\" maxlength=\"400\" class=\"wpcf7-form-control wpcf7-email wpcf7-validates-as-required wpcf7-text wpcf7-validates-as-email\" autocomplete=\"email\" aria-required=\"true\" aria-invalid=\"false\" value=\"\" type=\"email\" name=\"your-email\" \/><\/span> <\/label>\n<\/p>\n<p><label> Subject<br \/>\n<span class=\"wpcf7-form-control-wrap\" data-name=\"your-subject\"><input size=\"40\" maxlength=\"400\" class=\"wpcf7-form-control wpcf7-text wpcf7-validates-as-required\" aria-required=\"true\" aria-invalid=\"false\" value=\"\" type=\"text\" name=\"your-subject\" \/><\/span> <\/label>\n<\/p>\n<p><label> Your message<br \/>\n<span class=\"wpcf7-form-control-wrap\" data-name=\"your-message\"><textarea cols=\"40\" rows=\"10\" maxlength=\"2000\" class=\"wpcf7-form-control wpcf7-textarea wpcf7-validates-as-required\" aria-required=\"true\" aria-invalid=\"false\" name=\"your-message\"><\/textarea><\/span> <\/label>\n<\/p>\n<p><input class=\"wpcf7-form-control wpcf7-submit has-spinner\" type=\"submit\" value=\"Send\" \/>\n<\/p><div class=\"wpcf7-response-output\" aria-hidden=\"true\"><\/div>\n<input type=\"hidden\" name=\"trp-form-language\" value=\"en\"\/><\/form>\n<\/div>\n<br \/>\n<\/p>\n\n\n\n<div style=\"height:64px\" aria-hidden=\"true\" class=\"wp-block-spacer\"><\/div>","protected":false},"excerpt":{"rendered":"<p>Rosa Horses8400 Ajka, Magyarorsz\u00e1gTelefon: +36307522225Email: info@rosahorses.hu Vegye fel vel\u00fcnk a kapcsolatot:<\/p>","protected":false},"author":1,"featured_media":0,"parent":0,"menu_order":0,"comment_status":"closed","ping_status":"closed","template":"","meta":{"footnotes":""},"class_list":["post-29","page","type-page","status-publish"],"yoast_head":"<!-- This site is optimized with the Yoast SEO plugin v24.1 - https:\/\/yoast.com\/wordpress\/plugins\/seo\/ -->\n<title>Kapcsolat - Rosahorses<\/title>\n<meta name=\"robots\" content=\"index, follow, max-snippet:-1, max-image-preview:large, max-video-preview:-1\" \/>\n<link rel=\"canonical\" href=\"https:\/\/www.rosahorses.hu\/en\/elerhetosegeink\/\" \/>\n<meta property=\"og:locale\" content=\"en_GB\" \/>\n<meta property=\"og:type\" content=\"article\" \/>\n<meta property=\"og:title\" content=\"Kapcsolat - Rosahorses\" \/>\n<meta property=\"og:description\" content=\"Rosa Horses8400 Ajka, Magyarorsz\u00e1gTelefon: +36307522225Email: info@rosahorses.hu Vegye fel vel\u00fcnk a kapcsolatot:\" \/>\n<meta property=\"og:url\" content=\"https:\/\/www.rosahorses.hu\/en\/elerhetosegeink\/\" \/>\n<meta property=\"og:site_name\" content=\"Rosahorses\" \/>\n<meta property=\"article:modified_time\" content=\"2026-03-10T14:13:56+00:00\" \/>\n<meta property=\"og:image\" content=\"https:\/\/www.rosahorses.hu\/wp-content\/uploads\/2026\/01\/89A8775-scaled-e1767472467745.jpg\" \/>\n\t<meta property=\"og:image:width\" content=\"1707\" \/>\n\t<meta property=\"og:image:height\" content=\"657\" \/>\n\t<meta property=\"og:image:type\" content=\"image\/jpeg\" \/>\n<meta name=\"twitter:card\" content=\"summary_large_image\" \/>\n<meta name=\"twitter:label1\" content=\"Estimated reading time\" \/>\n\t<meta name=\"twitter:data1\" content=\"1 minute\" \/>\n<script type=\"application\/ld+json\" class=\"yoast-schema-graph\">{\"@context\":\"https:\/\/schema.org\",\"@graph\":[{\"@type\":\"WebPage\",\"@id\":\"https:\/\/www.rosahorses.hu\/elerhetosegeink\/\",\"url\":\"https:\/\/www.rosahorses.hu\/elerhetosegeink\/\",\"name\":\"Kapcsolat - Rosahorses\",\"isPartOf\":{\"@id\":\"https:\/\/www.rosahorses.hu\/#website\"},\"primaryImageOfPage\":{\"@id\":\"https:\/\/www.rosahorses.hu\/elerhetosegeink\/#primaryimage\"},\"image\":{\"@id\":\"https:\/\/www.rosahorses.hu\/elerhetosegeink\/#primaryimage\"},\"thumbnailUrl\":\"https:\/\/www.rosahorses.hu\/wp-content\/uploads\/2026\/01\/89A8775-scaled-e1767472467745-1024x394.jpg\",\"datePublished\":\"2024-11-24T16:12:02+00:00\",\"dateModified\":\"2026-03-10T14:13:56+00:00\",\"breadcrumb\":{\"@id\":\"https:\/\/www.rosahorses.hu\/elerhetosegeink\/#breadcrumb\"},\"inLanguage\":\"en-GB\",\"potentialAction\":[{\"@type\":\"ReadAction\",\"target\":[\"https:\/\/www.rosahorses.hu\/elerhetosegeink\/\"]}]},{\"@type\":\"ImageObject\",\"inLanguage\":\"en-GB\",\"@id\":\"https:\/\/www.rosahorses.hu\/elerhetosegeink\/#primaryimage\",\"url\":\"https:\/\/www.rosahorses.hu\/wp-content\/uploads\/2026\/01\/89A8775-scaled-e1767472467745-1024x394.jpg\",\"contentUrl\":\"https:\/\/www.rosahorses.hu\/wp-content\/uploads\/2026\/01\/89A8775-scaled-e1767472467745-1024x394.jpg\"},{\"@type\":\"BreadcrumbList\",\"@id\":\"https:\/\/www.rosahorses.hu\/elerhetosegeink\/#breadcrumb\",\"itemListElement\":[{\"@type\":\"ListItem\",\"position\":1,\"name\":\"Kezd\u0151lap\",\"item\":\"https:\/\/www.rosahorses.hu\/\"},{\"@type\":\"ListItem\",\"position\":2,\"name\":\"Kapcsolat\"}]},{\"@type\":\"WebSite\",\"@id\":\"https:\/\/www.rosahorses.hu\/#website\",\"url\":\"https:\/\/www.rosahorses.hu\/\",\"name\":\"Rosahorses\",\"description\":\"\",\"publisher\":{\"@id\":\"https:\/\/www.rosahorses.hu\/#organization\"},\"potentialAction\":[{\"@type\":\"SearchAction\",\"target\":{\"@type\":\"EntryPoint\",\"urlTemplate\":\"https:\/\/www.rosahorses.hu\/?s={search_term_string}\"},\"query-input\":{\"@type\":\"PropertyValueSpecification\",\"valueRequired\":true,\"valueName\":\"search_term_string\"}}],\"inLanguage\":\"en-GB\"},{\"@type\":\"Organization\",\"@id\":\"https:\/\/www.rosahorses.hu\/#organization\",\"name\":\"Rosahorses\",\"url\":\"https:\/\/www.rosahorses.hu\/\",\"logo\":{\"@type\":\"ImageObject\",\"inLanguage\":\"en-GB\",\"@id\":\"https:\/\/www.rosahorses.hu\/#\/schema\/logo\/image\/\",\"url\":\"https:\/\/www.rosahorses.hu\/wp-content\/uploads\/2024\/12\/cropped-191788251_408511676772919_1583792527760674700_n.jpg\",\"contentUrl\":\"https:\/\/www.rosahorses.hu\/wp-content\/uploads\/2024\/12\/cropped-191788251_408511676772919_1583792527760674700_n.jpg\",\"width\":1853,\"height\":849,\"caption\":\"Rosahorses\"},\"image\":{\"@id\":\"https:\/\/www.rosahorses.hu\/#\/schema\/logo\/image\/\"}}]}<\/script>\n<!-- \/ Yoast SEO plugin. -->","yoast_head_json":{"title":"Kapcsolat - Rosahorses","robots":{"index":"index","follow":"follow","max-snippet":"max-snippet:-1","max-image-preview":"max-image-preview:large","max-video-preview":"max-video-preview:-1"},"canonical":"https:\/\/www.rosahorses.hu\/en\/elerhetosegeink\/","og_locale":"en_GB","og_type":"article","og_title":"Kapcsolat - Rosahorses","og_description":"Rosa Horses8400 Ajka, Magyarorsz\u00e1gTelefon: +36307522225Email: info@rosahorses.hu Vegye fel vel\u00fcnk a kapcsolatot:","og_url":"https:\/\/www.rosahorses.hu\/en\/elerhetosegeink\/","og_site_name":"Rosahorses","article_modified_time":"2026-03-10T14:13:56+00:00","og_image":[{"width":1707,"height":657,"url":"https:\/\/www.rosahorses.hu\/wp-content\/uploads\/2026\/01\/89A8775-scaled-e1767472467745.jpg","type":"image\/jpeg"}],"twitter_card":"summary_large_image","twitter_misc":{"Estimated reading time":"1 minute"},"schema":{"@context":"https:\/\/schema.org","@graph":[{"@type":"WebPage","@id":"https:\/\/www.rosahorses.hu\/elerhetosegeink\/","url":"https:\/\/www.rosahorses.hu\/elerhetosegeink\/","name":"Kapcsolat - Rosahorses","isPartOf":{"@id":"https:\/\/www.rosahorses.hu\/#website"},"primaryImageOfPage":{"@id":"https:\/\/www.rosahorses.hu\/elerhetosegeink\/#primaryimage"},"image":{"@id":"https:\/\/www.rosahorses.hu\/elerhetosegeink\/#primaryimage"},"thumbnailUrl":"https:\/\/www.rosahorses.hu\/wp-content\/uploads\/2026\/01\/89A8775-scaled-e1767472467745-1024x394.jpg","datePublished":"2024-11-24T16:12:02+00:00","dateModified":"2026-03-10T14:13:56+00:00","breadcrumb":{"@id":"https:\/\/www.rosahorses.hu\/elerhetosegeink\/#breadcrumb"},"inLanguage":"en-GB","potentialAction":[{"@type":"ReadAction","target":["https:\/\/www.rosahorses.hu\/elerhetosegeink\/"]}]},{"@type":"ImageObject","inLanguage":"en-GB","@id":"https:\/\/www.rosahorses.hu\/elerhetosegeink\/#primaryimage","url":"https:\/\/www.rosahorses.hu\/wp-content\/uploads\/2026\/01\/89A8775-scaled-e1767472467745-1024x394.jpg","contentUrl":"https:\/\/www.rosahorses.hu\/wp-content\/uploads\/2026\/01\/89A8775-scaled-e1767472467745-1024x394.jpg"},{"@type":"BreadcrumbList","@id":"https:\/\/www.rosahorses.hu\/elerhetosegeink\/#breadcrumb","itemListElement":[{"@type":"ListItem","position":1,"name":"Kezd\u0151lap","item":"https:\/\/www.rosahorses.hu\/"},{"@type":"ListItem","position":2,"name":"Kapcsolat"}]},{"@type":"WebSite","@id":"https:\/\/www.rosahorses.hu\/#website","url":"https:\/\/www.rosahorses.hu\/","name":"Rosahorses","description":"","publisher":{"@id":"https:\/\/www.rosahorses.hu\/#organization"},"potentialAction":[{"@type":"SearchAction","target":{"@type":"EntryPoint","urlTemplate":"https:\/\/www.rosahorses.hu\/?s={search_term_string}"},"query-input":{"@type":"PropertyValueSpecification","valueRequired":true,"valueName":"search_term_string"}}],"inLanguage":"en-GB"},{"@type":"Organization","@id":"https:\/\/www.rosahorses.hu\/#organization","name":"Rosahorses","url":"https:\/\/www.rosahorses.hu\/","logo":{"@type":"ImageObject","inLanguage":"en-GB","@id":"https:\/\/www.rosahorses.hu\/#\/schema\/logo\/image\/","url":"https:\/\/www.rosahorses.hu\/wp-content\/uploads\/2024\/12\/cropped-191788251_408511676772919_1583792527760674700_n.jpg","contentUrl":"https:\/\/www.rosahorses.hu\/wp-content\/uploads\/2024\/12\/cropped-191788251_408511676772919_1583792527760674700_n.jpg","width":1853,"height":849,"caption":"Rosahorses"},"image":{"@id":"https:\/\/www.rosahorses.hu\/#\/schema\/logo\/image\/"}}]}},"_links":{"self":[{"href":"https:\/\/www.rosahorses.hu\/en\/wp-json\/wp\/v2\/pages\/29","targetHints":{"allow":["GET"]}}],"collection":[{"href":"https:\/\/www.rosahorses.hu\/en\/wp-json\/wp\/v2\/pages"}],"about":[{"href":"https:\/\/www.rosahorses.hu\/en\/wp-json\/wp\/v2\/types\/page"}],"author":[{"embeddable":true,"href":"https:\/\/www.rosahorses.hu\/en\/wp-json\/wp\/v2\/users\/1"}],"replies":[{"embeddable":true,"href":"https:\/\/www.rosahorses.hu\/en\/wp-json\/wp\/v2\/comments?post=29"}],"version-history":[{"count":70,"href":"https:\/\/www.rosahorses.hu\/en\/wp-json\/wp\/v2\/pages\/29\/revisions"}],"predecessor-version":[{"id":2550,"href":"https:\/\/www.rosahorses.hu\/en\/wp-json\/wp\/v2\/pages\/29\/revisions\/2550"}],"wp:attachment":[{"href":"https:\/\/www.rosahorses.hu\/en\/wp-json\/wp\/v2\/media?parent=29"}],"curies":[{"name":"wp","href":"https:\/\/api.w.org\/{rel}","templated":true}]}}