{"id":362,"date":"2024-12-27T13:05:29","date_gmt":"2024-12-27T12:05:29","guid":{"rendered":"http:\/\/rosahorses.hu\/?page_id=362"},"modified":"2025-03-29T22:54:49","modified_gmt":"2025-03-29T21:54:49","slug":"csapat","status":"publish","type":"page","link":"https:\/\/www.rosahorses.hu\/en\/csapat\/","title":{"rendered":"Team"},"content":{"rendered":"<h2 class=\"wp-block-heading has-base-3-color has-global-color-9-background-color has-text-color has-background has-link-color wp-elements-cee492b5bba54d0e24478f0c4d6c0203\">Team<\/h2>\n\n\n<div id=\"metaslider-id-1086\" style=\"max-width: 2560px; margin: 0 auto;\" class=\"ml-slider-3-94-0 metaslider metaslider-flex metaslider-1086 ml-slider ms-theme-outline has-dots-nav\" role=\"region\" aria-roledescription=\"Slideshow\" aria-label=\"Csapat Slideshow\">\n    <div id=\"metaslider_container_1086\">\n        <div id=\"metaslider_1086\">\n            <ul class='slides'>\n                <li style=\"display: block; width: 100%;\" class=\"slide-1087 ms-image\" aria-roledescription=\"slide\" aria-label=\"slide-1087\"><img loading=\"lazy\" decoding=\"async\" src=\"https:\/\/www.rosahorses.hu\/wp-content\/uploads\/2025\/01\/0R8A1549-1-scaled-e1736546101907.jpg\" height=\"1353\" width=\"2560\" alt=\"Csal\u00e1di fot\u00f3 lovakkal a h\u00e1tt\u00e9rben\" class=\"slider-1086 slide-1087\" title=\"A csapatunk a csal\u00e1d\" \/><\/li>\n                <li style=\"display: none; width: 100%;\" class=\"slide-1088 ms-image\" aria-roledescription=\"slide\" aria-label=\"slide-1088\"><img loading=\"lazy\" decoding=\"async\" src=\"https:\/\/www.rosahorses.hu\/wp-content\/uploads\/2025\/01\/0R8A1625-1-scaled-e1738076252968.jpg\" height=\"1353\" width=\"2560\" alt=\"\" class=\"slider-1086 slide-1088\" title=\"A csapatunk a csal\u00e1d\" \/><\/li>\n                <li style=\"display: none; width: 100%;\" class=\"slide-1089 ms-image\" aria-roledescription=\"slide\" aria-label=\"slide-1089\"><img loading=\"lazy\" decoding=\"async\" src=\"https:\/\/www.rosahorses.hu\/wp-content\/uploads\/2025\/01\/0R8A1532-scaled-2560x1353.jpg\" height=\"1353\" width=\"2560\" alt=\"\" class=\"slider-1086 slide-1089\" title=\"A csapatunk a csal\u00e1d\" \/><\/li>\n            <\/ul>\n        <\/div>\n        \n    <\/div>\n<\/div>\n\n\n\n<h2 class=\"wp-block-heading has-base-3-color has-global-color-9-background-color has-text-color has-background has-link-color wp-elements-22723a04e4887f2b0ccb8676bb319bb0\">Our Team is our Family<\/h2>\n\n\n\n<blockquote class=\"wp-block-quote is-layout-flow wp-block-quote-is-layout-flow\">\n<p style=\"font-size:23px\"><em>Every time it feels wonderful, it is a BLESSING to have a foal that gives you the strength to work hard around horses. To see them grow up, reach their full potential and win the competition is the crowning achievement and fruit of our dedication!\"<\/em><\/p>\n<\/blockquote>\n\n\n\n<div style=\"height:100px\" aria-hidden=\"true\" class=\"wp-block-spacer\"><\/div>\n\n\n\n<p><\/p>","protected":false},"excerpt":{"rendered":"<p>A Csapat A csapatunk a csal\u00e1dunk &#8222;Minden egyes alkalommal csod\u00e1latos \u00e9rz\u00e9s, \u00c1LD\u00c1S egy csik\u00f3nak a megsz\u00fclet\u00e9se, ami er\u0151t ad az embernek a lovak k\u00f6r\u00fcli f\u00e1rads\u00e1gos munk\u00e1hoz. L\u00e1tni \u0150ket feln\u0151ni, kiteljesedni \u00e9s gy\u0151zni a versenyen, megkoron\u00e1z\u00e1sa, gy\u00fcm\u00f6lcse az elhivatotts\u00e1gunknak!&#8221;<\/p>","protected":false},"author":1,"featured_media":700,"parent":0,"menu_order":0,"comment_status":"closed","ping_status":"closed","template":"","meta":{"footnotes":""},"class_list":["post-362","page","type-page","status-publish","has-post-thumbnail"],"yoast_head":"<!-- This site is optimized with the Yoast SEO plugin v24.1 - https:\/\/yoast.com\/wordpress\/plugins\/seo\/ -->\n<title>Csapat - Rosahorses<\/title>\n<meta name=\"robots\" content=\"index, follow, max-snippet:-1, max-image-preview:large, max-video-preview:-1\" \/>\n<link rel=\"canonical\" href=\"https:\/\/www.rosahorses.hu\/en\/csapat\/\" \/>\n<meta property=\"og:locale\" content=\"en_GB\" \/>\n<meta property=\"og:type\" content=\"article\" \/>\n<meta property=\"og:title\" content=\"Csapat - Rosahorses\" \/>\n<meta property=\"og:description\" content=\"A Csapat A csapatunk a csal\u00e1dunk &#8222;Minden egyes alkalommal csod\u00e1latos \u00e9rz\u00e9s, \u00c1LD\u00c1S egy csik\u00f3nak a megsz\u00fclet\u00e9se, ami er\u0151t ad az embernek a lovak k\u00f6r\u00fcli f\u00e1rads\u00e1gos munk\u00e1hoz. L\u00e1tni \u0150ket feln\u0151ni, kiteljesedni \u00e9s gy\u0151zni a versenyen, megkoron\u00e1z\u00e1sa, gy\u00fcm\u00f6lcse az elhivatotts\u00e1gunknak!&#8221;\" \/>\n<meta property=\"og:url\" content=\"https:\/\/www.rosahorses.hu\/en\/csapat\/\" \/>\n<meta property=\"og:site_name\" content=\"Rosahorses\" \/>\n<meta property=\"article:modified_time\" content=\"2025-03-29T21:54:49+00:00\" \/>\n<meta property=\"og:image\" content=\"https:\/\/www.rosahorses.hu\/wp-content\/uploads\/2025\/01\/0R8A1549-1-scaled-e1736546101907.jpg\" \/>\n\t<meta property=\"og:image:width\" content=\"2560\" \/>\n\t<meta property=\"og:image:height\" content=\"1353\" \/>\n\t<meta property=\"og:image:type\" content=\"image\/jpeg\" \/>\n<meta name=\"twitter:card\" content=\"summary_large_image\" \/>\n<meta name=\"twitter:label1\" content=\"Estimated reading time\" \/>\n\t<meta name=\"twitter:data1\" content=\"1 minute\" \/>\n<script type=\"application\/ld+json\" class=\"yoast-schema-graph\">{\"@context\":\"https:\/\/schema.org\",\"@graph\":[{\"@type\":\"WebPage\",\"@id\":\"https:\/\/www.rosahorses.hu\/csapat\/\",\"url\":\"https:\/\/www.rosahorses.hu\/csapat\/\",\"name\":\"Csapat - Rosahorses\",\"isPartOf\":{\"@id\":\"https:\/\/www.rosahorses.hu\/#website\"},\"primaryImageOfPage\":{\"@id\":\"https:\/\/www.rosahorses.hu\/csapat\/#primaryimage\"},\"image\":{\"@id\":\"https:\/\/www.rosahorses.hu\/csapat\/#primaryimage\"},\"thumbnailUrl\":\"https:\/\/www.rosahorses.hu\/wp-content\/uploads\/2025\/01\/0R8A1549-1-scaled-e1736546101907.jpg\",\"datePublished\":\"2024-12-27T12:05:29+00:00\",\"dateModified\":\"2025-03-29T21:54:49+00:00\",\"breadcrumb\":{\"@id\":\"https:\/\/www.rosahorses.hu\/csapat\/#breadcrumb\"},\"inLanguage\":\"en-GB\",\"potentialAction\":[{\"@type\":\"ReadAction\",\"target\":[\"https:\/\/www.rosahorses.hu\/csapat\/\"]}]},{\"@type\":\"ImageObject\",\"inLanguage\":\"en-GB\",\"@id\":\"https:\/\/www.rosahorses.hu\/csapat\/#primaryimage\",\"url\":\"https:\/\/www.rosahorses.hu\/wp-content\/uploads\/2025\/01\/0R8A1549-1-scaled-e1736546101907.jpg\",\"contentUrl\":\"https:\/\/www.rosahorses.hu\/wp-content\/uploads\/2025\/01\/0R8A1549-1-scaled-e1736546101907.jpg\",\"width\":2560,\"height\":1353,\"caption\":\"Csal\u00e1di fot\u00f3 lovakkal a h\u00e1tt\u00e9rben\"},{\"@type\":\"BreadcrumbList\",\"@id\":\"https:\/\/www.rosahorses.hu\/csapat\/#breadcrumb\",\"itemListElement\":[{\"@type\":\"ListItem\",\"position\":1,\"name\":\"Kezd\u0151lap\",\"item\":\"https:\/\/www.rosahorses.hu\/\"},{\"@type\":\"ListItem\",\"position\":2,\"name\":\"Csapat\"}]},{\"@type\":\"WebSite\",\"@id\":\"https:\/\/www.rosahorses.hu\/#website\",\"url\":\"https:\/\/www.rosahorses.hu\/\",\"name\":\"Rosahorses\",\"description\":\"\",\"publisher\":{\"@id\":\"https:\/\/www.rosahorses.hu\/#organization\"},\"potentialAction\":[{\"@type\":\"SearchAction\",\"target\":{\"@type\":\"EntryPoint\",\"urlTemplate\":\"https:\/\/www.rosahorses.hu\/?s={search_term_string}\"},\"query-input\":{\"@type\":\"PropertyValueSpecification\",\"valueRequired\":true,\"valueName\":\"search_term_string\"}}],\"inLanguage\":\"en-GB\"},{\"@type\":\"Organization\",\"@id\":\"https:\/\/www.rosahorses.hu\/#organization\",\"name\":\"Rosahorses\",\"url\":\"https:\/\/www.rosahorses.hu\/\",\"logo\":{\"@type\":\"ImageObject\",\"inLanguage\":\"en-GB\",\"@id\":\"https:\/\/www.rosahorses.hu\/#\/schema\/logo\/image\/\",\"url\":\"https:\/\/www.rosahorses.hu\/wp-content\/uploads\/2024\/12\/cropped-191788251_408511676772919_1583792527760674700_n.jpg\",\"contentUrl\":\"https:\/\/www.rosahorses.hu\/wp-content\/uploads\/2024\/12\/cropped-191788251_408511676772919_1583792527760674700_n.jpg\",\"width\":1853,\"height\":849,\"caption\":\"Rosahorses\"},\"image\":{\"@id\":\"https:\/\/www.rosahorses.hu\/#\/schema\/logo\/image\/\"}}]}<\/script>\n<!-- \/ Yoast SEO plugin. -->","yoast_head_json":{"title":"Csapat - Rosahorses","robots":{"index":"index","follow":"follow","max-snippet":"max-snippet:-1","max-image-preview":"max-image-preview:large","max-video-preview":"max-video-preview:-1"},"canonical":"https:\/\/www.rosahorses.hu\/en\/csapat\/","og_locale":"en_GB","og_type":"article","og_title":"Csapat - Rosahorses","og_description":"A Csapat A csapatunk a csal\u00e1dunk &#8222;Minden egyes alkalommal csod\u00e1latos \u00e9rz\u00e9s, \u00c1LD\u00c1S egy csik\u00f3nak a megsz\u00fclet\u00e9se, ami er\u0151t ad az embernek a lovak k\u00f6r\u00fcli f\u00e1rads\u00e1gos munk\u00e1hoz. L\u00e1tni \u0150ket feln\u0151ni, kiteljesedni \u00e9s gy\u0151zni a versenyen, megkoron\u00e1z\u00e1sa, gy\u00fcm\u00f6lcse az elhivatotts\u00e1gunknak!&#8221;","og_url":"https:\/\/www.rosahorses.hu\/en\/csapat\/","og_site_name":"Rosahorses","article_modified_time":"2025-03-29T21:54:49+00:00","og_image":[{"width":2560,"height":1353,"url":"https:\/\/www.rosahorses.hu\/wp-content\/uploads\/2025\/01\/0R8A1549-1-scaled-e1736546101907.jpg","type":"image\/jpeg"}],"twitter_card":"summary_large_image","twitter_misc":{"Estimated reading time":"1 minute"},"schema":{"@context":"https:\/\/schema.org","@graph":[{"@type":"WebPage","@id":"https:\/\/www.rosahorses.hu\/csapat\/","url":"https:\/\/www.rosahorses.hu\/csapat\/","name":"Csapat - Rosahorses","isPartOf":{"@id":"https:\/\/www.rosahorses.hu\/#website"},"primaryImageOfPage":{"@id":"https:\/\/www.rosahorses.hu\/csapat\/#primaryimage"},"image":{"@id":"https:\/\/www.rosahorses.hu\/csapat\/#primaryimage"},"thumbnailUrl":"https:\/\/www.rosahorses.hu\/wp-content\/uploads\/2025\/01\/0R8A1549-1-scaled-e1736546101907.jpg","datePublished":"2024-12-27T12:05:29+00:00","dateModified":"2025-03-29T21:54:49+00:00","breadcrumb":{"@id":"https:\/\/www.rosahorses.hu\/csapat\/#breadcrumb"},"inLanguage":"en-GB","potentialAction":[{"@type":"ReadAction","target":["https:\/\/www.rosahorses.hu\/csapat\/"]}]},{"@type":"ImageObject","inLanguage":"en-GB","@id":"https:\/\/www.rosahorses.hu\/csapat\/#primaryimage","url":"https:\/\/www.rosahorses.hu\/wp-content\/uploads\/2025\/01\/0R8A1549-1-scaled-e1736546101907.jpg","contentUrl":"https:\/\/www.rosahorses.hu\/wp-content\/uploads\/2025\/01\/0R8A1549-1-scaled-e1736546101907.jpg","width":2560,"height":1353,"caption":"Csal\u00e1di fot\u00f3 lovakkal a h\u00e1tt\u00e9rben"},{"@type":"BreadcrumbList","@id":"https:\/\/www.rosahorses.hu\/csapat\/#breadcrumb","itemListElement":[{"@type":"ListItem","position":1,"name":"Kezd\u0151lap","item":"https:\/\/www.rosahorses.hu\/"},{"@type":"ListItem","position":2,"name":"Csapat"}]},{"@type":"WebSite","@id":"https:\/\/www.rosahorses.hu\/#website","url":"https:\/\/www.rosahorses.hu\/","name":"Rosahorses","description":"","publisher":{"@id":"https:\/\/www.rosahorses.hu\/#organization"},"potentialAction":[{"@type":"SearchAction","target":{"@type":"EntryPoint","urlTemplate":"https:\/\/www.rosahorses.hu\/?s={search_term_string}"},"query-input":{"@type":"PropertyValueSpecification","valueRequired":true,"valueName":"search_term_string"}}],"inLanguage":"en-GB"},{"@type":"Organization","@id":"https:\/\/www.rosahorses.hu\/#organization","name":"Rosahorses","url":"https:\/\/www.rosahorses.hu\/","logo":{"@type":"ImageObject","inLanguage":"en-GB","@id":"https:\/\/www.rosahorses.hu\/#\/schema\/logo\/image\/","url":"https:\/\/www.rosahorses.hu\/wp-content\/uploads\/2024\/12\/cropped-191788251_408511676772919_1583792527760674700_n.jpg","contentUrl":"https:\/\/www.rosahorses.hu\/wp-content\/uploads\/2024\/12\/cropped-191788251_408511676772919_1583792527760674700_n.jpg","width":1853,"height":849,"caption":"Rosahorses"},"image":{"@id":"https:\/\/www.rosahorses.hu\/#\/schema\/logo\/image\/"}}]}},"_links":{"self":[{"href":"https:\/\/www.rosahorses.hu\/en\/wp-json\/wp\/v2\/pages\/362","targetHints":{"allow":["GET"]}}],"collection":[{"href":"https:\/\/www.rosahorses.hu\/en\/wp-json\/wp\/v2\/pages"}],"about":[{"href":"https:\/\/www.rosahorses.hu\/en\/wp-json\/wp\/v2\/types\/page"}],"author":[{"embeddable":true,"href":"https:\/\/www.rosahorses.hu\/en\/wp-json\/wp\/v2\/users\/1"}],"replies":[{"embeddable":true,"href":"https:\/\/www.rosahorses.hu\/en\/wp-json\/wp\/v2\/comments?post=362"}],"version-history":[{"count":15,"href":"https:\/\/www.rosahorses.hu\/en\/wp-json\/wp\/v2\/pages\/362\/revisions"}],"predecessor-version":[{"id":1587,"href":"https:\/\/www.rosahorses.hu\/en\/wp-json\/wp\/v2\/pages\/362\/revisions\/1587"}],"wp:featuredmedia":[{"embeddable":true,"href":"https:\/\/www.rosahorses.hu\/en\/wp-json\/wp\/v2\/media\/700"}],"wp:attachment":[{"href":"https:\/\/www.rosahorses.hu\/en\/wp-json\/wp\/v2\/media?parent=362"}],"curies":[{"name":"wp","href":"https:\/\/api.w.org\/{rel}","templated":true}]}}