{"id":47,"date":"2024-11-24T17:44:22","date_gmt":"2024-11-24T16:44:22","guid":{"rendered":"http:\/\/rosahorses.hu\/?page_id=47"},"modified":"2026-01-03T22:00:43","modified_gmt":"2026-01-03T21:00:43","slug":"elado-lovak","status":"publish","type":"page","link":"https:\/\/www.rosahorses.hu\/en\/elado-lovak\/","title":{"rendered":"Horses For Sale"},"content":{"rendered":"<div class=\"wp-block-image\">\n<figure class=\"alignright size-large is-resized\"><img loading=\"lazy\" decoding=\"async\" width=\"747\" height=\"1024\" src=\"https:\/\/www.rosahorses.hu\/wp-content\/uploads\/2025\/01\/PET9049-masolat-e1738177867855-747x1024.png\" alt=\"Kaffee de Rosa Portr\u00e9 h\u00e1tt\u00e9r n\u00e9lk\u00fcl\" class=\"wp-image-1175\" style=\"width:325px;height:auto\" srcset=\"https:\/\/www.rosahorses.hu\/wp-content\/uploads\/2025\/01\/PET9049-masolat-e1738177867855-747x1024.png 747w, https:\/\/www.rosahorses.hu\/wp-content\/uploads\/2025\/01\/PET9049-masolat-e1738177867855-219x300.png 219w, https:\/\/www.rosahorses.hu\/wp-content\/uploads\/2025\/01\/PET9049-masolat-e1738177867855-768x1053.png 768w, https:\/\/www.rosahorses.hu\/wp-content\/uploads\/2025\/01\/PET9049-masolat-e1738177867855-1121x1536.png 1121w, https:\/\/www.rosahorses.hu\/wp-content\/uploads\/2025\/01\/PET9049-masolat-e1738177867855-1494x2048.png 1494w, https:\/\/www.rosahorses.hu\/wp-content\/uploads\/2025\/01\/PET9049-masolat-e1738177867855-9x12.png 9w\" sizes=\"auto, (max-width: 747px) 100vw, 747px\" \/><\/figure>\n<\/div>\n\n\n<h2 class=\"wp-block-heading has-base-3-color has-global-color-9-background-color has-text-color has-background has-link-color wp-elements-37ddaac76b8b2e801d7f631512464c4b\">Horses For Sale<\/h2>\n\n\n\n<h2 class=\"wp-block-heading has-text-align-left has-base-3-background-color has-background\">If you are interested in one of our horses for sale or have any questions, please contact us at one of our contact details!<\/h2>\n\n\n\n<div style=\"height:58px\" aria-hidden=\"true\" class=\"wp-block-spacer\"><\/div>\n\n\n<style>.wp-show-posts-columns#wpsp-1005 {margin-left: -2em; }.wp-show-posts-columns#wpsp-1005 .wp-show-posts-inner {margin: 0 0 2em 2em; }<\/style><section id=\"wpsp-1005\" class=\"wp-show-posts-columns wp-show-posts\" style=\"\"><article class=\"wp-show-posts-single post-1055 post type-post status-publish format-standard has-post-thumbnail hentry category-elado-lovak-horse-horses-dressage-pferd-pferde-forsale-for-sale-dijlo-dijlovagla-lovaglas-stud-breeding-zucht-zuchthof tag-csiko-csikok-foal-fohlen-csikasz-lo-gyerek tag-csodor-men-herelt tag-dijlo-dijlovaglas-dressure-dressage tag-dijlovaglas-dressure-dressage-magasiskola-lokikepzes-kepzes-idomitas-idomitolovaglas-lovaglas-lovasiskola tag-dijlovas-lovas-equestrian-dressurereiter-dressagerider-idomitolovas-idomito tag-dressage-dressure-dijlovaglas tag-elado-lovak-horses-for-sale-lo-ertekesites tag-herelt-men-csodor-lo-hereltlo-kasztralt-ivartalanitott-gelding-wallach tag-horse-horses-lo-lovak-pferd-pferde tag-lo-lovak-lovas-paci-paripa-kanca-csodor-herelt-pejko-zabpusztito-horse-horses-pferd-pferde tag-lovaglas-lovagol-lovas-pacigol tag-lovas-lo-lovak tag-magyar-sport-lo-magyarsportlo-mslt tag-menes-menek-men-lovak-lo-csiko-csikok tag-sport tag-tailormade-attention tag-tenyesztes-lotenyesztes-tenyeszet-lotenyeszet-zucht-breeding-stud-horse-pferdezucht wpsp-col-6\" itemtype=\"http:\/\/schema.org\/CreativeWork\" itemscope><div class=\"wp-show-posts-inner\" style=\"\">\t\t<div class=\"wp-show-posts-image  wpsp-image-center\">\n\t\t\t<a href=\"https:\/\/www.rosahorses.hu\/en\/2025\/01\/28\/tokio-de-rosa\/\"  title=\"Tokio de Rosa\">\t\t\t\t\t<img decoding=\"async\" src=\"https:\/\/www.rosahorses.hu\/wp-content\/uploads\/2025\/07\/WhatsApp-kep-2025-07-30-15.39.52_c880715a-300x200.jpg\" alt=\"Tokio de Rosa\" itemprop=\"image\" class=\"center\" \/>\n\t\t\t\t<\/a>\t\t<\/div>\n\t\t\t\t\t\t\t\t<header class=\"wp-show-posts-entry-header\">\n\t\t\t\t\t\t\t<h4 class=\"wp-show-posts-entry-title\" itemprop=\"headline\"><a href=\"https:\/\/www.rosahorses.hu\/en\/2025\/01\/28\/tokio-de-rosa\/\" rel=\"bookmark\">Tokio de Rosa<\/a><\/h4>\t\t\t\t\t\t<\/header><!-- .entry-header -->\n\t\t\t\t\t<div class=\"wpsp-read-more\"><a title=\"Tokio de Rosa\" class=\"button\" href=\"https:\/\/www.rosahorses.hu\/en\/2025\/01\/28\/tokio-de-rosa\/\">more<\/a><\/div><\/div><!-- wp-show-posts-inner --><\/article><article class=\"wp-show-posts-single post-1016 post type-post status-publish format-standard has-post-thumbnail hentry category-elado-lovak-horse-horses-dressage-pferd-pferde-forsale-for-sale-dijlo-dijlovagla-lovaglas-stud-breeding-zucht-zuchthof tag-csodor-men-herelt tag-dijlo-dijlovaglas-dressure-dressage tag-dijlovaglas-dressure-dressage-magasiskola-lokikepzes-kepzes-idomitas-idomitolovaglas-lovaglas-lovasiskola tag-dijlovas-lovas-equestrian-dressurereiter-dressagerider-idomitolovas-idomito tag-dressage-dressure-dijlovaglas tag-elado-lovak-horses-for-sale-lo-ertekesites tag-eredmenyek tag-fuerst-romancier-fuerstromancier-furst-romancier-furstromancier-heinrich-furstheinrich-hengst-schockemoehleschockemohle tag-hannoveri-hannoveraner-pferde-horses-hannover-pferd-lo-fajta-sportlo tag-herelt-men-csodor-lo-hereltlo-kasztralt-ivartalanitott-gelding-wallach tag-hirek-hir-hires-aktualis-informacio tag-horse-horses-lo-lovak-pferd-pferde tag-kaiserkarl-kaiser-karl-stallion-hengst-krack-krackc-kaiserfranz-kaiser-franz-oldenburger-hengst-sieger-siegerhengst tag-lo-lovak-lovas-paci-paripa-kanca-csodor-herelt-pejko-zabpusztito-horse-horses-pferd-pferde tag-oldenburger-oldenburg-oldenburgi-pferde-lo tag-rittmeister-rubiloh-rubinstein-rubinstein1-rubinsteini-rosenkavalier-calypsoii-calypso2-faschingsprinz tag-sport tag-westfaliai-westfalische-pferd-horse-wetfalishe wpsp-col-6\" itemtype=\"http:\/\/schema.org\/CreativeWork\" itemscope><div class=\"wp-show-posts-inner\" style=\"\">\t\t<div class=\"wp-show-posts-image  wpsp-image-center\">\n\t\t\t<a href=\"https:\/\/www.rosahorses.hu\/en\/2025\/01\/28\/kaffee-de-rosa\/\"  title=\"Kaffee de Rosa\">\t\t\t\t\t<img decoding=\"async\" src=\"https:\/\/www.rosahorses.hu\/wp-content\/uploads\/2025\/08\/KIR7610-scaled-300x200.jpg\" alt=\"Kaffee de Rosa\" itemprop=\"image\" class=\"center\" \/>\n\t\t\t\t<\/a>\t\t<\/div>\n\t\t\t\t\t\t\t\t<header class=\"wp-show-posts-entry-header\">\n\t\t\t\t\t\t\t<h4 class=\"wp-show-posts-entry-title\" itemprop=\"headline\"><a href=\"https:\/\/www.rosahorses.hu\/en\/2025\/01\/28\/kaffee-de-rosa\/\" rel=\"bookmark\">Kaffee de Rosa<\/a><\/h4>\t\t\t\t\t\t<\/header><!-- .entry-header -->\n\t\t\t\t\t<div class=\"wpsp-read-more\"><a title=\"Kaffee de Rosa\" class=\"button\" href=\"https:\/\/www.rosahorses.hu\/en\/2025\/01\/28\/kaffee-de-rosa\/\">more<\/a><\/div><\/div><!-- wp-show-posts-inner --><\/article><div class=\"wpsp-clear\"><\/div><\/section><!-- .wp-show-posts -->\n\n\n\n<div style=\"height:63px\" aria-hidden=\"true\" class=\"wp-block-spacer\"><\/div>\n\n\n\n<figure class=\"wp-block-image alignwide size-large\"><a href=\"https:\/\/www.rosahorses.hu\/wp-content\/uploads\/2026\/01\/89A9001-scaled-e1767472873902.jpg\"><img loading=\"lazy\" decoding=\"async\" width=\"1024\" height=\"394\" src=\"https:\/\/www.rosahorses.hu\/wp-content\/uploads\/2026\/01\/89A9001-scaled-e1767472873902-1024x394.jpg\" alt=\"\" class=\"wp-image-2360\" srcset=\"https:\/\/www.rosahorses.hu\/wp-content\/uploads\/2026\/01\/89A9001-scaled-e1767472873902-1024x394.jpg 1024w, https:\/\/www.rosahorses.hu\/wp-content\/uploads\/2026\/01\/89A9001-scaled-e1767472873902-300x115.jpg 300w, https:\/\/www.rosahorses.hu\/wp-content\/uploads\/2026\/01\/89A9001-scaled-e1767472873902-768x296.jpg 768w, https:\/\/www.rosahorses.hu\/wp-content\/uploads\/2026\/01\/89A9001-scaled-e1767472873902-1536x591.jpg 1536w, https:\/\/www.rosahorses.hu\/wp-content\/uploads\/2026\/01\/89A9001-scaled-e1767472873902-18x7.jpg 18w, https:\/\/www.rosahorses.hu\/wp-content\/uploads\/2026\/01\/89A9001-scaled-e1767472873902.jpg 1707w\" sizes=\"auto, (max-width: 1024px) 100vw, 1024px\" \/><\/a><\/figure>\n\n\n\n<h2 class=\"wp-block-heading has-base-3-color has-global-color-9-background-color has-text-color has-background has-link-color wp-elements-b71ae12ce1a480f92d27470658f81bdf\">Our sold horses:<\/h2>\n\n\n\n<div style=\"height:56px\" aria-hidden=\"true\" class=\"wp-block-spacer\"><\/div>\n\n\n<style>.wp-show-posts-columns#wpsp-2147 {margin-left: -2em; }.wp-show-posts-columns#wpsp-2147 .wp-show-posts-inner {margin: 0 0 2em 2em; }<\/style><section id=\"wpsp-2147\" class=\"wp-show-posts-columns wp-show-posts\" style=\"\"><article class=\"wp-show-posts-single post-2168 post type-post status-publish format-standard has-post-thumbnail hentry category-eladott-sold-elado-lovak-horse-horses-dressage-pferd-pferde-forsale-for-sale-dijlo-dijlovagla-lovaglas-stud-breeding-zucht-zuchthof-2 tag-csiko-csikok-foal-fohlen-csikasz-lo-gyerek tag-dijlo-dijlovaglas-dressure-dressage tag-dijlovaglas-dressure-dressage-magasiskola-lokikepzes-kepzes-idomitas-idomitolovaglas-lovaglas-lovasiskola tag-dijlovas-lovas-equestrian-dressurereiter-dressagerider-idomitolovas-idomito tag-dressage-dressure-dijlovaglas tag-elado-lovak-horses-for-sale-lo-ertekesites tag-horse-horses-lo-lovak-pferd-pferde tag-lo-lovak-lovas-paci-paripa-kanca-csodor-herelt-pejko-zabpusztito-horse-horses-pferd-pferde tag-lovaglas-lovagol-lovas-pacigol tag-sport wpsp-col-6\" itemtype=\"http:\/\/schema.org\/CreativeWork\" itemscope><div class=\"wp-show-posts-inner\" style=\"\">\t\t<div class=\"wp-show-posts-image  wpsp-image-center\">\n\t\t\t<a href=\"https:\/\/www.rosahorses.hu\/en\/2025\/09\/10\/derby-de-rosa\/\"  title=\"Derby de Rosa\">\t\t\t\t\t<img decoding=\"async\" src=\"https:\/\/www.rosahorses.hu\/wp-content\/uploads\/2025\/09\/492098540_1246199967510955_6188661153933589465_n-masolata-3-300x200.jpg\" alt=\"Derby de Rosa\" itemprop=\"image\" class=\"center\" \/>\n\t\t\t\t<\/a>\t\t<\/div>\n\t\t\t\t\t\t\t\t<header class=\"wp-show-posts-entry-header\">\n\t\t\t\t\t\t\t<h4 class=\"wp-show-posts-entry-title\" itemprop=\"headline\"><a href=\"https:\/\/www.rosahorses.hu\/en\/2025\/09\/10\/derby-de-rosa\/\" rel=\"bookmark\">Derby de Rosa<\/a><\/h4>\t\t\t\t\t\t<\/header><!-- .entry-header -->\n\t\t\t\t\t<div class=\"wpsp-read-more\"><a title=\"Derby de Rosa\" class=\"button\" href=\"https:\/\/www.rosahorses.hu\/en\/2025\/09\/10\/derby-de-rosa\/\">more<\/a><\/div><\/div><!-- wp-show-posts-inner --><\/article><article class=\"wp-show-posts-single post-2162 post type-post status-publish format-standard has-post-thumbnail hentry category-eladott-sold-elado-lovak-horse-horses-dressage-pferd-pferde-forsale-for-sale-dijlo-dijlovagla-lovaglas-stud-breeding-zucht-zuchthof-2 tag-csiko-csikok-foal-fohlen-csikasz-lo-gyerek tag-dijlo-dijlovaglas-dressure-dressage tag-dijlovaglas-dressure-dressage-magasiskola-lokikepzes-kepzes-idomitas-idomitolovaglas-lovaglas-lovasiskola tag-dijlovas-lovas-equestrian-dressurereiter-dressagerider-idomitolovas-idomito tag-dressage-dressure-dijlovaglas tag-horse-horses-lo-lovak-pferd-pferde tag-lo-lovak-lovas-paci-paripa-kanca-csodor-herelt-pejko-zabpusztito-horse-horses-pferd-pferde tag-lovaglas-lovagol-lovas-pacigol tag-sport wpsp-col-6\" itemtype=\"http:\/\/schema.org\/CreativeWork\" itemscope><div class=\"wp-show-posts-inner\" style=\"\">\t\t<div class=\"wp-show-posts-image  wpsp-image-center\">\n\t\t\t<a href=\"https:\/\/www.rosahorses.hu\/en\/2025\/09\/10\/papaya-de-rosa\/\"  title=\"Papaya de Rosa\">\t\t\t\t\t<img decoding=\"async\" src=\"https:\/\/www.rosahorses.hu\/wp-content\/uploads\/2025\/09\/IMG_20210828_132024_988-masolata-scaled-300x200.png\" alt=\"Papaya de Rosa\" itemprop=\"image\" class=\"center\" \/>\n\t\t\t\t<\/a>\t\t<\/div>\n\t\t\t\t\t\t\t\t<header class=\"wp-show-posts-entry-header\">\n\t\t\t\t\t\t\t<h4 class=\"wp-show-posts-entry-title\" itemprop=\"headline\"><a href=\"https:\/\/www.rosahorses.hu\/en\/2025\/09\/10\/papaya-de-rosa\/\" rel=\"bookmark\">Papaya de Rosa<\/a><\/h4>\t\t\t\t\t\t<\/header><!-- .entry-header -->\n\t\t\t\t\t<div class=\"wpsp-read-more\"><a title=\"Papaya de Rosa\" class=\"button\" href=\"https:\/\/www.rosahorses.hu\/en\/2025\/09\/10\/papaya-de-rosa\/\">more<\/a><\/div><\/div><!-- wp-show-posts-inner --><\/article><article class=\"wp-show-posts-single post-1052 post type-post status-publish format-standard has-post-thumbnail hentry category-eladott-sold-elado-lovak-horse-horses-dressage-pferd-pferde-forsale-for-sale-dijlo-dijlovagla-lovaglas-stud-breeding-zucht-zuchthof-2 tag-csiko-csikok-foal-fohlen-csikasz-lo-gyerek tag-dressage-dressure-dijlovaglas tag-elado-lovak-horses-for-sale-lo-ertekesites tag-horse-horses-lo-lovak-pferd-pferde tag-kanca-lany-lo-stute-stuten-mare-mares tag-lo-lovak-lovas-paci-paripa-kanca-csodor-herelt-pejko-zabpusztito-horse-horses-pferd-pferde tag-lovaglas-lovagol-lovas-pacigol tag-sport tag-sport-poni-sportponi-dressage-springen-pony-ponie tag-tenyesztes-lotenyesztes-tenyeszet-lotenyeszet-zucht-breeding-stud-horse-pferdezucht wpsp-col-6\" itemtype=\"http:\/\/schema.org\/CreativeWork\" itemscope><div class=\"wp-show-posts-inner\" style=\"\">\t\t<div class=\"wp-show-posts-image  wpsp-image-center\">\n\t\t\t<a href=\"https:\/\/www.rosahorses.hu\/en\/2025\/01\/28\/bonbon-de-rosa\/\"  title=\"Bonbon de Rosa\">\t\t\t\t\t<img decoding=\"async\" src=\"https:\/\/www.rosahorses.hu\/wp-content\/uploads\/2025\/09\/Fekete-kocka-masolata-e1757507657188-300x200.jpg\" alt=\"Bonbon de Rosa\" itemprop=\"image\" class=\"center\" \/>\n\t\t\t\t<\/a>\t\t<\/div>\n\t\t\t\t\t\t\t\t<header class=\"wp-show-posts-entry-header\">\n\t\t\t\t\t\t\t<h4 class=\"wp-show-posts-entry-title\" itemprop=\"headline\"><a href=\"https:\/\/www.rosahorses.hu\/en\/2025\/01\/28\/bonbon-de-rosa\/\" rel=\"bookmark\">Bonbon de Rosa<\/a><\/h4>\t\t\t\t\t\t<\/header><!-- .entry-header -->\n\t\t\t\t\t<div class=\"wpsp-read-more\"><a title=\"Bonbon de Rosa\" class=\"button\" href=\"https:\/\/www.rosahorses.hu\/en\/2025\/01\/28\/bonbon-de-rosa\/\">more<\/a><\/div><\/div><!-- wp-show-posts-inner --><\/article><div class=\"wpsp-clear\"><\/div><\/section><!-- .wp-show-posts -->\n\n\n\n<div style=\"height:97px\" aria-hidden=\"true\" class=\"wp-block-spacer\"><\/div>","protected":false},"excerpt":{"rendered":"<p>Elad\u00f3 Lovaink Amennyiben \u00e9rdekli valamelyik elad\u00f3 lovunk, vagy k\u00e9rd\u00e9se lenne, k\u00e9rj\u00fck vegye fel vel\u00fcnk a kapcsolatot az el\u00e9rhet\u0151s\u00e9geink valamelyik\u00e9n! Eladott lovaink:<\/p>","protected":false},"author":1,"featured_media":1018,"parent":0,"menu_order":0,"comment_status":"closed","ping_status":"closed","template":"","meta":{"footnotes":""},"class_list":["post-47","page","type-page","status-publish","has-post-thumbnail","hentry"],"yoast_head":"<!-- This site is optimized with the Yoast SEO plugin v24.1 - https:\/\/yoast.com\/wordpress\/plugins\/seo\/ -->\n<title>Elad\u00f3 lovak - Rosahorses<\/title>\n<meta name=\"robots\" content=\"index, follow, max-snippet:-1, max-image-preview:large, max-video-preview:-1\" \/>\n<link rel=\"canonical\" href=\"https:\/\/www.rosahorses.hu\/en\/elado-lovak\/\" \/>\n<meta property=\"og:locale\" content=\"en_GB\" \/>\n<meta property=\"og:type\" content=\"article\" \/>\n<meta property=\"og:title\" content=\"Elad\u00f3 lovak - Rosahorses\" \/>\n<meta property=\"og:description\" content=\"Elad\u00f3 Lovaink Amennyiben \u00e9rdekli valamelyik elad\u00f3 lovunk, vagy k\u00e9rd\u00e9se lenne, k\u00e9rj\u00fck vegye fel vel\u00fcnk a kapcsolatot az el\u00e9rhet\u0151s\u00e9geink valamelyik\u00e9n! Eladott lovaink:\" \/>\n<meta property=\"og:url\" content=\"https:\/\/www.rosahorses.hu\/en\/elado-lovak\/\" \/>\n<meta property=\"og:site_name\" content=\"Rosahorses\" \/>\n<meta property=\"article:modified_time\" content=\"2026-01-03T21:00:43+00:00\" \/>\n<meta property=\"og:image\" content=\"https:\/\/www.rosahorses.hu\/wp-content\/uploads\/2025\/01\/PET9049-1-scaled.jpg\" \/>\n\t<meta property=\"og:image:width\" content=\"1708\" \/>\n\t<meta property=\"og:image:height\" content=\"2560\" \/>\n\t<meta property=\"og:image:type\" content=\"image\/jpeg\" \/>\n<meta name=\"twitter:card\" content=\"summary_large_image\" \/>\n<meta name=\"twitter:label1\" content=\"Estimated reading time\" \/>\n\t<meta name=\"twitter:data1\" content=\"1 minute\" \/>\n<script type=\"application\/ld+json\" class=\"yoast-schema-graph\">{\"@context\":\"https:\/\/schema.org\",\"@graph\":[{\"@type\":\"WebPage\",\"@id\":\"https:\/\/www.rosahorses.hu\/elado-lovak\/\",\"url\":\"https:\/\/www.rosahorses.hu\/elado-lovak\/\",\"name\":\"Elad\u00f3 lovak - Rosahorses\",\"isPartOf\":{\"@id\":\"https:\/\/www.rosahorses.hu\/#website\"},\"primaryImageOfPage\":{\"@id\":\"https:\/\/www.rosahorses.hu\/elado-lovak\/#primaryimage\"},\"image\":{\"@id\":\"https:\/\/www.rosahorses.hu\/elado-lovak\/#primaryimage\"},\"thumbnailUrl\":\"https:\/\/www.rosahorses.hu\/wp-content\/uploads\/2025\/01\/PET9049-1-scaled.jpg\",\"datePublished\":\"2024-11-24T16:44:22+00:00\",\"dateModified\":\"2026-01-03T21:00:43+00:00\",\"breadcrumb\":{\"@id\":\"https:\/\/www.rosahorses.hu\/elado-lovak\/#breadcrumb\"},\"inLanguage\":\"en-GB\",\"potentialAction\":[{\"@type\":\"ReadAction\",\"target\":[\"https:\/\/www.rosahorses.hu\/elado-lovak\/\"]}]},{\"@type\":\"ImageObject\",\"inLanguage\":\"en-GB\",\"@id\":\"https:\/\/www.rosahorses.hu\/elado-lovak\/#primaryimage\",\"url\":\"https:\/\/www.rosahorses.hu\/wp-content\/uploads\/2025\/01\/PET9049-1-scaled.jpg\",\"contentUrl\":\"https:\/\/www.rosahorses.hu\/wp-content\/uploads\/2025\/01\/PET9049-1-scaled.jpg\",\"width\":1708,\"height\":2560,\"caption\":\"Kaffee de Rosa portr\u00e9\"},{\"@type\":\"BreadcrumbList\",\"@id\":\"https:\/\/www.rosahorses.hu\/elado-lovak\/#breadcrumb\",\"itemListElement\":[{\"@type\":\"ListItem\",\"position\":1,\"name\":\"Kezd\u0151lap\",\"item\":\"https:\/\/www.rosahorses.hu\/\"},{\"@type\":\"ListItem\",\"position\":2,\"name\":\"Elad\u00f3 lovak\"}]},{\"@type\":\"WebSite\",\"@id\":\"https:\/\/www.rosahorses.hu\/#website\",\"url\":\"https:\/\/www.rosahorses.hu\/\",\"name\":\"Rosahorses\",\"description\":\"\",\"publisher\":{\"@id\":\"https:\/\/www.rosahorses.hu\/#organization\"},\"potentialAction\":[{\"@type\":\"SearchAction\",\"target\":{\"@type\":\"EntryPoint\",\"urlTemplate\":\"https:\/\/www.rosahorses.hu\/?s={search_term_string}\"},\"query-input\":{\"@type\":\"PropertyValueSpecification\",\"valueRequired\":true,\"valueName\":\"search_term_string\"}}],\"inLanguage\":\"en-GB\"},{\"@type\":\"Organization\",\"@id\":\"https:\/\/www.rosahorses.hu\/#organization\",\"name\":\"Rosahorses\",\"url\":\"https:\/\/www.rosahorses.hu\/\",\"logo\":{\"@type\":\"ImageObject\",\"inLanguage\":\"en-GB\",\"@id\":\"https:\/\/www.rosahorses.hu\/#\/schema\/logo\/image\/\",\"url\":\"https:\/\/www.rosahorses.hu\/wp-content\/uploads\/2024\/12\/cropped-191788251_408511676772919_1583792527760674700_n.jpg\",\"contentUrl\":\"https:\/\/www.rosahorses.hu\/wp-content\/uploads\/2024\/12\/cropped-191788251_408511676772919_1583792527760674700_n.jpg\",\"width\":1853,\"height\":849,\"caption\":\"Rosahorses\"},\"image\":{\"@id\":\"https:\/\/www.rosahorses.hu\/#\/schema\/logo\/image\/\"}}]}<\/script>\n<!-- \/ Yoast SEO plugin. -->","yoast_head_json":{"title":"Elad\u00f3 lovak - Rosahorses","robots":{"index":"index","follow":"follow","max-snippet":"max-snippet:-1","max-image-preview":"max-image-preview:large","max-video-preview":"max-video-preview:-1"},"canonical":"https:\/\/www.rosahorses.hu\/en\/elado-lovak\/","og_locale":"en_GB","og_type":"article","og_title":"Elad\u00f3 lovak - Rosahorses","og_description":"Elad\u00f3 Lovaink Amennyiben \u00e9rdekli valamelyik elad\u00f3 lovunk, vagy k\u00e9rd\u00e9se lenne, k\u00e9rj\u00fck vegye fel vel\u00fcnk a kapcsolatot az el\u00e9rhet\u0151s\u00e9geink valamelyik\u00e9n! Eladott lovaink:","og_url":"https:\/\/www.rosahorses.hu\/en\/elado-lovak\/","og_site_name":"Rosahorses","article_modified_time":"2026-01-03T21:00:43+00:00","og_image":[{"width":1708,"height":2560,"url":"https:\/\/www.rosahorses.hu\/wp-content\/uploads\/2025\/01\/PET9049-1-scaled.jpg","type":"image\/jpeg"}],"twitter_card":"summary_large_image","twitter_misc":{"Estimated reading time":"1 minute"},"schema":{"@context":"https:\/\/schema.org","@graph":[{"@type":"WebPage","@id":"https:\/\/www.rosahorses.hu\/elado-lovak\/","url":"https:\/\/www.rosahorses.hu\/elado-lovak\/","name":"Elad\u00f3 lovak - Rosahorses","isPartOf":{"@id":"https:\/\/www.rosahorses.hu\/#website"},"primaryImageOfPage":{"@id":"https:\/\/www.rosahorses.hu\/elado-lovak\/#primaryimage"},"image":{"@id":"https:\/\/www.rosahorses.hu\/elado-lovak\/#primaryimage"},"thumbnailUrl":"https:\/\/www.rosahorses.hu\/wp-content\/uploads\/2025\/01\/PET9049-1-scaled.jpg","datePublished":"2024-11-24T16:44:22+00:00","dateModified":"2026-01-03T21:00:43+00:00","breadcrumb":{"@id":"https:\/\/www.rosahorses.hu\/elado-lovak\/#breadcrumb"},"inLanguage":"en-GB","potentialAction":[{"@type":"ReadAction","target":["https:\/\/www.rosahorses.hu\/elado-lovak\/"]}]},{"@type":"ImageObject","inLanguage":"en-GB","@id":"https:\/\/www.rosahorses.hu\/elado-lovak\/#primaryimage","url":"https:\/\/www.rosahorses.hu\/wp-content\/uploads\/2025\/01\/PET9049-1-scaled.jpg","contentUrl":"https:\/\/www.rosahorses.hu\/wp-content\/uploads\/2025\/01\/PET9049-1-scaled.jpg","width":1708,"height":2560,"caption":"Kaffee de Rosa portr\u00e9"},{"@type":"BreadcrumbList","@id":"https:\/\/www.rosahorses.hu\/elado-lovak\/#breadcrumb","itemListElement":[{"@type":"ListItem","position":1,"name":"Kezd\u0151lap","item":"https:\/\/www.rosahorses.hu\/"},{"@type":"ListItem","position":2,"name":"Elad\u00f3 lovak"}]},{"@type":"WebSite","@id":"https:\/\/www.rosahorses.hu\/#website","url":"https:\/\/www.rosahorses.hu\/","name":"Rosahorses","description":"","publisher":{"@id":"https:\/\/www.rosahorses.hu\/#organization"},"potentialAction":[{"@type":"SearchAction","target":{"@type":"EntryPoint","urlTemplate":"https:\/\/www.rosahorses.hu\/?s={search_term_string}"},"query-input":{"@type":"PropertyValueSpecification","valueRequired":true,"valueName":"search_term_string"}}],"inLanguage":"en-GB"},{"@type":"Organization","@id":"https:\/\/www.rosahorses.hu\/#organization","name":"Rosahorses","url":"https:\/\/www.rosahorses.hu\/","logo":{"@type":"ImageObject","inLanguage":"en-GB","@id":"https:\/\/www.rosahorses.hu\/#\/schema\/logo\/image\/","url":"https:\/\/www.rosahorses.hu\/wp-content\/uploads\/2024\/12\/cropped-191788251_408511676772919_1583792527760674700_n.jpg","contentUrl":"https:\/\/www.rosahorses.hu\/wp-content\/uploads\/2024\/12\/cropped-191788251_408511676772919_1583792527760674700_n.jpg","width":1853,"height":849,"caption":"Rosahorses"},"image":{"@id":"https:\/\/www.rosahorses.hu\/#\/schema\/logo\/image\/"}}]}},"_links":{"self":[{"href":"https:\/\/www.rosahorses.hu\/en\/wp-json\/wp\/v2\/pages\/47","targetHints":{"allow":["GET"]}}],"collection":[{"href":"https:\/\/www.rosahorses.hu\/en\/wp-json\/wp\/v2\/pages"}],"about":[{"href":"https:\/\/www.rosahorses.hu\/en\/wp-json\/wp\/v2\/types\/page"}],"author":[{"embeddable":true,"href":"https:\/\/www.rosahorses.hu\/en\/wp-json\/wp\/v2\/users\/1"}],"replies":[{"embeddable":true,"href":"https:\/\/www.rosahorses.hu\/en\/wp-json\/wp\/v2\/comments?post=47"}],"version-history":[{"count":21,"href":"https:\/\/www.rosahorses.hu\/en\/wp-json\/wp\/v2\/pages\/47\/revisions"}],"predecessor-version":[{"id":2372,"href":"https:\/\/www.rosahorses.hu\/en\/wp-json\/wp\/v2\/pages\/47\/revisions\/2372"}],"wp:featuredmedia":[{"embeddable":true,"href":"https:\/\/www.rosahorses.hu\/en\/wp-json\/wp\/v2\/media\/1018"}],"wp:attachment":[{"href":"https:\/\/www.rosahorses.hu\/en\/wp-json\/wp\/v2\/media?parent=47"}],"curies":[{"name":"wp","href":"https:\/\/api.w.org\/{rel}","templated":true}]}}